{"id":6736,"date":"2023-01-25T14:03:42","date_gmt":"2023-01-25T19:03:42","guid":{"rendered":"https:\/\/www.anciensita.ca\/saint-hyacinthe\/tableau-de-bord-des-offres-demploi\/"},"modified":"2023-02-10T13:55:50","modified_gmt":"2023-02-10T18:55:50","slug":"tableau-de-bord-des-offres-demploi","status":"publish","type":"page","link":"https:\/\/www.anciensita.ca\/saint-hyacinthe\/tableau-de-bord-des-offres-demploi\/","title":{"rendered":"Tableau de bord des offres d\u2019emploi"},"content":{"rendered":"<div id=\"job-manager-job-dashboard\">\n\n\t<p class=\"account-sign-in\">Vous devez \u00eatre connect\u00e9 pour g\u00e9rer vos offres. <a class=\"button\" href=\"https:\/\/www.anciensita.ca\/saint-hyacinthe\/wp-login.php?redirect_to=https%3A%2F%2Fwww.anciensita.ca%2Fsaint-hyacinthe%2Ftableau-de-bord-des-offres-demploi%2F\">Se connecter<\/a><\/p>\n\n<\/div>\n\n\n\n<div style=\"height:100px\" aria-hidden=\"true\" class=\"wp-block-spacer\"><\/div>\n","protected":false},"excerpt":{"rendered":"","protected":false},"author":1,"featured_media":0,"parent":0,"menu_order":0,"comment_status":"closed","ping_status":"closed","template":"","meta":{"neve_meta_sidebar":"","neve_meta_container":"","neve_meta_enable_content_width":"on","neve_meta_content_width":90,"neve_meta_title_alignment":"","neve_meta_author_avatar":"","neve_post_elements_order":"","neve_meta_disable_header":"","neve_meta_disable_footer":"","neve_meta_disable_title":"","_themeisle_gutenberg_block_has_review":false,"footnotes":""},"class_list":["post-6736","page","type-page","status-publish","hentry"],"_links":{"self":[{"href":"https:\/\/www.anciensita.ca\/saint-hyacinthe\/wp-json\/wp\/v2\/pages\/6736","targetHints":{"allow":["GET"]}}],"collection":[{"href":"https:\/\/www.anciensita.ca\/saint-hyacinthe\/wp-json\/wp\/v2\/pages"}],"about":[{"href":"https:\/\/www.anciensita.ca\/saint-hyacinthe\/wp-json\/wp\/v2\/types\/page"}],"author":[{"embeddable":true,"href":"https:\/\/www.anciensita.ca\/saint-hyacinthe\/wp-json\/wp\/v2\/users\/1"}],"replies":[{"embeddable":true,"href":"https:\/\/www.anciensita.ca\/saint-hyacinthe\/wp-json\/wp\/v2\/comments?post=6736"}],"version-history":[{"count":1,"href":"https:\/\/www.anciensita.ca\/saint-hyacinthe\/wp-json\/wp\/v2\/pages\/6736\/revisions"}],"predecessor-version":[{"id":7029,"href":"https:\/\/www.anciensita.ca\/saint-hyacinthe\/wp-json\/wp\/v2\/pages\/6736\/revisions\/7029"}],"wp:attachment":[{"href":"https:\/\/www.anciensita.ca\/saint-hyacinthe\/wp-json\/wp\/v2\/media?parent=6736"}],"curies":[{"name":"wp","href":"https:\/\/api.w.org\/{rel}","templated":true}]}}