{"id":6737,"date":"2023-01-25T14:03:42","date_gmt":"2023-01-25T19:03:42","guid":{"rendered":"https:\/\/www.anciensita.ca\/saint-hyacinthe\/offres-demploi\/"},"modified":"2023-02-20T09:35:37","modified_gmt":"2023-02-20T14:35:37","slug":"offres-demploi","status":"publish","type":"page","link":"https:\/\/www.anciensita.ca\/saint-hyacinthe\/offres-demploi\/","title":{"rendered":"Offres d\u2019emploi"},"content":{"rendered":"\n<div style=\"height:70px\" aria-hidden=\"true\" class=\"wp-block-spacer\"><\/div>\n\n\n<div class=\"wp-block-image\">\n<figure class=\"aligncenter size-full is-resized\"><a href=\"https:\/\/www.anciensita.ca\/saint-hyacinthe\/wp-content\/uploads\/2023\/01\/emploiBulletin.jpg\"><img loading=\"lazy\" decoding=\"async\" src=\"https:\/\/www.anciensita.ca\/saint-hyacinthe\/wp-content\/uploads\/2023\/01\/emploiBulletin.jpg\" alt=\"\" class=\"wp-image-6745\" width=\"470\" height=\"394\" srcset=\"https:\/\/www.anciensita.ca\/saint-hyacinthe\/wp-content\/uploads\/2023\/01\/emploiBulletin.jpg 940w, https:\/\/www.anciensita.ca\/saint-hyacinthe\/wp-content\/uploads\/2023\/01\/emploiBulletin-300x251.jpg 300w, https:\/\/www.anciensita.ca\/saint-hyacinthe\/wp-content\/uploads\/2023\/01\/emploiBulletin-768x644.jpg 768w, https:\/\/www.anciensita.ca\/saint-hyacinthe\/wp-content\/uploads\/2023\/01\/emploiBulletin-600x503.jpg 600w\" sizes=\"auto, (max-width: 470px) 100vw, 470px\" \/><\/a><\/figure>\n<\/div>\n\n\n<div style=\"height:70px\" aria-hidden=\"true\" class=\"wp-block-spacer\"><\/div>\n\n\n<div class=\"job_listings\" data-location=\"\" data-keywords=\"\" data-show_filters=\"true\" data-show_pagination=\"false\" data-per_page=\"20\" data-orderby=\"featured\" data-order=\"DESC\" data-categories=\"\" data-disable-form-state-storage=\"\" data-featured_first=\"false\" data-post_id=\"6737\" >\n<form class=\"job_filters\">\n\t\n\t<div class=\"search_jobs\">\n\t\t\n\t\t<div class=\"search_keywords\">\n\t\t\t<label for=\"search_keywords\">Mots-cl\u00e9s<\/label>\n\t\t\t<input type=\"text\" name=\"search_keywords\" id=\"search_keywords\" placeholder=\"Mots-cl\u00e9s\" value=\"\" \/>\n\t\t<\/div>\n\n\t\t<div class=\"search_location\">\n\t\t\t<label for=\"search_location\">Localisation<\/label>\n\t\t\t<input type=\"text\" name=\"search_location\" id=\"search_location\" placeholder=\"Localisation\" value=\"\" \/>\n\t\t<\/div>\n\n\t\t\t\t\t<div class=\"search_remote_position\">\n\t\t\t\t<input type=\"checkbox\" class=\"input-checkbox\" name=\"remote_position\" id=\"remote_position\" placeholder=\"Localisation\" value=\"1\"  \/>\n\t\t\t\t<label for=\"remote_position\" id=\"remote_position_label\">Postes en t\u00e9l\u00e9travail uniquement<\/label>\n\t\t\t<\/div>\n\t\t\n\t\t<div style=\"clear: both\"><\/div>\n\n\t\t\n\t\t\t\t\t<div class=\"search_submit\">\n\t\t\t\t<input type=\"submit\" value=\"Rechercher des offres d\u2019emploi\">\n\t\t\t<\/div>\n\t\t\n\t\t\t<\/div>\n\n\t\t<ul class=\"job_types\">\n\t\t\t\t\t<li><label for=\"job_type_freelance\" class=\"contractuel\"><input type=\"checkbox\" name=\"filter_job_type[]\" value=\"freelance\"  checked='checked' id=\"job_type_freelance\" \/> Contractuel<\/label><\/li>\n\t\t\t\t\t<li><label for=\"job_type_internship\" class=\"stage\"><input type=\"checkbox\" name=\"filter_job_type[]\" value=\"internship\"  checked='checked' id=\"job_type_internship\" \/> Stage<\/label><\/li>\n\t\t\t\t\t<li><label for=\"job_type_temporary\" class=\"temporaire\"><input type=\"checkbox\" name=\"filter_job_type[]\" value=\"temporary\"  checked='checked' id=\"job_type_temporary\" \/> Temporaire<\/label><\/li>\n\t\t\t\t\t<li><label for=\"job_type_part-time\" class=\"temps-partiel\"><input type=\"checkbox\" name=\"filter_job_type[]\" value=\"part-time\"  checked='checked' id=\"job_type_part-time\" \/> Temps partiel<\/label><\/li>\n\t\t\t\t\t<li><label for=\"job_type_full-time\" class=\"temps-plein\"><input type=\"checkbox\" name=\"filter_job_type[]\" value=\"full-time\"  checked='checked' id=\"job_type_full-time\" \/> Temps plein<\/label><\/li>\n\t\t\t<\/ul>\n\t<input type=\"hidden\" name=\"filter_job_type[]\" value=\"\" \/>\n<div class=\"showing_jobs\"><\/div><\/form>\n\n\n<noscript>Votre navigateur ne supporte pas JavaScript, ou bien JavaScript est d\u00e9sactiv\u00e9. JavaScript doit \u00eatre activ\u00e9 pour pouvoir visualiser des postes.<\/noscript>\n<ul class=\"job_listings\">\n<\/ul>\n<a class=\"load_more_jobs\" href=\"#\" style=\"display:none;\"><strong>Afficher plus d\u2019offres<\/strong><\/a><\/div>\n\n\n\n<div style=\"height:50px\" aria-hidden=\"true\" class=\"wp-block-spacer\"><\/div>\n\n\n\n<p class=\"has-text-align-center\"><strong>Vous \u00eates un employeur ou une organisation <br \/>et souhaitez recruter des technologues dipl\u00f4m\u00e9s de l\u2019ITAQ (<em>Institut de technologie agroalimentaire du Qu\u00e9bec<\/em>) ?<br \/><a href=\"https:\/\/www.anciensita.ca\/saint-hyacinthe\/publier-une-offre-demploi\/\">Rendez-vous sur cette page pour tous les d\u00e9tails de notre offre<\/a><\/strong><\/p>\n\n\n\n<div style=\"height:100px\" aria-hidden=\"true\" class=\"wp-block-spacer\"><\/div>\n","protected":false},"excerpt":{"rendered":"<p>Vous \u00eates un employeur ou une organisation et souhaitez recruter des technologues dipl\u00f4m\u00e9s de l\u2019ITAQ (Institut de technologie agroalimentaire du Qu\u00e9bec) ?Rendez-vous sur cette page pour tous les d\u00e9tails de notre offre<\/p>\n","protected":false},"author":1,"featured_media":0,"parent":0,"menu_order":0,"comment_status":"closed","ping_status":"closed","template":"","meta":{"neve_meta_sidebar":"","neve_meta_container":"","neve_meta_enable_content_width":"on","neve_meta_content_width":90,"neve_meta_title_alignment":"","neve_meta_author_avatar":"","neve_post_elements_order":"","neve_meta_disable_header":"","neve_meta_disable_footer":"","neve_meta_disable_title":"on","_themeisle_gutenberg_block_has_review":false,"footnotes":""},"class_list":["post-6737","page","type-page","status-publish","hentry"],"_links":{"self":[{"href":"https:\/\/www.anciensita.ca\/saint-hyacinthe\/wp-json\/wp\/v2\/pages\/6737","targetHints":{"allow":["GET"]}}],"collection":[{"href":"https:\/\/www.anciensita.ca\/saint-hyacinthe\/wp-json\/wp\/v2\/pages"}],"about":[{"href":"https:\/\/www.anciensita.ca\/saint-hyacinthe\/wp-json\/wp\/v2\/types\/page"}],"author":[{"embeddable":true,"href":"https:\/\/www.anciensita.ca\/saint-hyacinthe\/wp-json\/wp\/v2\/users\/1"}],"replies":[{"embeddable":true,"href":"https:\/\/www.anciensita.ca\/saint-hyacinthe\/wp-json\/wp\/v2\/comments?post=6737"}],"version-history":[{"count":7,"href":"https:\/\/www.anciensita.ca\/saint-hyacinthe\/wp-json\/wp\/v2\/pages\/6737\/revisions"}],"predecessor-version":[{"id":7057,"href":"https:\/\/www.anciensita.ca\/saint-hyacinthe\/wp-json\/wp\/v2\/pages\/6737\/revisions\/7057"}],"wp:attachment":[{"href":"https:\/\/www.anciensita.ca\/saint-hyacinthe\/wp-json\/wp\/v2\/media?parent=6737"}],"curies":[{"name":"wp","href":"https:\/\/api.w.org\/{rel}","templated":true}]}}