{"id":933,"date":"2014-07-28T17:36:32","date_gmt":"2014-07-28T21:36:32","guid":{"rendered":"http:\/\/test1.mariechristineboivin.ca\/?page_id=9"},"modified":"2026-03-05T14:04:14","modified_gmt":"2026-03-05T19:04:14","slug":"vos-coordonnees","status":"publish","type":"page","link":"https:\/\/www.anciensita.ca\/saint-hyacinthe\/services-aux-membres-2\/vos-coordonnees\/","title":{"rendered":"Vos coordonn\u00e9es \u00e0 jour"},"content":{"rendered":"\n<h2 class=\"wp-block-heading\">Mettre vos coordonn\u00e9es \u00e0 jour<\/h2>\n\n\n\n<div id=\"wp-block-themeisle-blocks-advanced-columns-0fdf1bf6\" class=\"wp-block-themeisle-blocks-advanced-columns has-2-columns has-desktop-equal-layout has-tablet-equal-layout has-mobile-collapsedRows-layout has-vertical-unset\"><div class=\"wp-block-themeisle-blocks-advanced-columns-overlay\"><\/div><div class=\"innerblocks-wrap\">\n<div id=\"wp-block-themeisle-blocks-advanced-column-e9c5e829\" class=\"wp-block-themeisle-blocks-advanced-column\">\n<p>En nous transmettant vos coordonn\u00e9es, vous recevrez p\u00e9riodiquement le bulletin \u00e9lectronique du R\u00e9seau des dipl\u00f4m\u00e9s et retrait\u00e9s de l&rsquo;ITAQ et serez ainsi inform\u00e9 des \u00e9v\u00e9nements \u00e0 venir et des services offerts.&nbsp;<\/p>\n\n\n\n<h3 class=\"wp-block-heading\">Veuillez compl\u00e9ter le formulaire ci-dessous<\/h3>\n<\/div>\n\n\n\n<div id=\"wp-block-themeisle-blocks-advanced-column-1939537b\" class=\"wp-block-themeisle-blocks-advanced-column\"><div class=\"wp-block-image\">\n<figure class=\"alignright size-large is-resized\"><a href=\"https:\/\/www.anciensita.ca\/saint-hyacinthe\/wp-content\/uploads\/2023\/02\/jardin-ecole-chantier-25-avril-2013-032-scaled.jpg\"><img loading=\"lazy\" decoding=\"async\" width=\"1024\" height=\"768\" src=\"https:\/\/www.anciensita.ca\/saint-hyacinthe\/wp-content\/uploads\/2023\/02\/jardin-ecole-chantier-25-avril-2013-032-1024x768.jpg\" alt=\"\" class=\"wp-image-6993\" style=\"width:321px;height:auto\" srcset=\"https:\/\/www.anciensita.ca\/saint-hyacinthe\/wp-content\/uploads\/2023\/02\/jardin-ecole-chantier-25-avril-2013-032-1024x768.jpg 1024w, https:\/\/www.anciensita.ca\/saint-hyacinthe\/wp-content\/uploads\/2023\/02\/jardin-ecole-chantier-25-avril-2013-032-300x225.jpg 300w, https:\/\/www.anciensita.ca\/saint-hyacinthe\/wp-content\/uploads\/2023\/02\/jardin-ecole-chantier-25-avril-2013-032-768x576.jpg 768w, https:\/\/www.anciensita.ca\/saint-hyacinthe\/wp-content\/uploads\/2023\/02\/jardin-ecole-chantier-25-avril-2013-032-1536x1152.jpg 1536w, https:\/\/www.anciensita.ca\/saint-hyacinthe\/wp-content\/uploads\/2023\/02\/jardin-ecole-chantier-25-avril-2013-032-2048x1536.jpg 2048w, https:\/\/www.anciensita.ca\/saint-hyacinthe\/wp-content\/uploads\/2023\/02\/jardin-ecole-chantier-25-avril-2013-032-600x450.jpg 600w\" sizes=\"auto, (max-width: 1024px) 100vw, 1024px\" \/><\/a><\/figure>\n<\/div><\/div>\n<\/div><\/div>\n\n\n\n<h3 class=\"wp-block-heading has-text-align-left\">Mise \u00e0 jour des coordonn\u00e9es<\/h3>\n\n\n\n<div id=\"wp-block-themeisle-blocks-advanced-columns-ef2a1e3b\" class=\"wp-block-themeisle-blocks-advanced-columns has-1-columns has-desktop-equal-layout has-tablet-equal-layout has-mobile-equal-layout has-vertical-unset\"><div class=\"wp-block-themeisle-blocks-advanced-columns-overlay\"><\/div><div class=\"innerblocks-wrap\">\n<div id=\"wp-block-themeisle-blocks-advanced-column-3d24211d\" class=\"wp-block-themeisle-blocks-advanced-column\"><div class=\"wpforms-container wpforms-container-full wpforms-block wpforms-block-0b2c99e8-5ad6-416c-9a02-6ea104260a39\" id=\"wpforms-6986\"><form id=\"wpforms-form-6986\" class=\"wpforms-validate wpforms-form wpforms-ajax-form\" data-formid=\"6986\" method=\"post\" enctype=\"multipart\/form-data\" action=\"\/saint-hyacinthe\/wp-json\/wp\/v2\/pages\/933\" data-token=\"6515a24a1c46336041b186c700ff4305\" data-token-time=\"1776194781\"><noscript class=\"wpforms-error-noscript\">Veuillez activer JavaScript dans votre navigateur pour remplir ce formulaire.<\/noscript><div class=\"wpforms-field-container\"><div id=\"wpforms-6986-field_1-container\" class=\"wpforms-field wpforms-field-name\" data-field-id=\"1\"><label class=\"wpforms-field-label\">Nom <span class=\"wpforms-required-label\">*<\/span><\/label><div class=\"wpforms-field-row wpforms-field-medium\"><div class=\"wpforms-field-row-block wpforms-first wpforms-one-half\"><input type=\"text\" id=\"wpforms-6986-field_1\" class=\"wpforms-field-name-first wpforms-field-required\" name=\"wpforms[fields][1][first]\" required><label for=\"wpforms-6986-field_1\" class=\"wpforms-field-sublabel after\">Pr\u00e9nom<\/label><\/div><div class=\"wpforms-field-row-block wpforms-one-half\"><input type=\"text\" id=\"wpforms-6986-field_1-last\" class=\"wpforms-field-name-last wpforms-field-required\" name=\"wpforms[fields][1][last]\" required><label for=\"wpforms-6986-field_1-last\" class=\"wpforms-field-sublabel after\">Nom<\/label><\/div><\/div><\/div><div id=\"wpforms-6986-field_2-container\" class=\"wpforms-field wpforms-field-email\" data-field-id=\"2\"><label class=\"wpforms-field-label\" for=\"wpforms-6986-field_2\">E-mail <span class=\"wpforms-required-label\">*<\/span><\/label><input type=\"email\" id=\"wpforms-6986-field_2\" class=\"wpforms-field-medium wpforms-field-required\" name=\"wpforms[fields][2]\" spellcheck=\"false\" required><\/div><div id=\"wpforms-6986-field_11-container\" class=\"wpforms-field wpforms-field-phone\" data-field-id=\"11\"><label class=\"wpforms-field-label\" for=\"wpforms-6986-field_11\">T\u00e9l\u00e9phone<\/label><input type=\"tel\" id=\"wpforms-6986-field_11\" class=\"wpforms-field-medium wpforms-smart-phone-field\" data-rule-smart-phone-field=\"true\" name=\"wpforms[fields][11]\" aria-label=\"T\u00e9l\u00e9phone\" ><\/div><div id=\"wpforms-6986-field_3-container\" class=\"wpforms-field wpforms-field-text\" data-field-id=\"3\"><label class=\"wpforms-field-label\" for=\"wpforms-6986-field_3\">Adresse \/ Rue <span class=\"wpforms-required-label\">*<\/span><\/label><input type=\"text\" id=\"wpforms-6986-field_3\" class=\"wpforms-field-medium wpforms-field-required\" name=\"wpforms[fields][3]\" required><\/div><div id=\"wpforms-6986-field_4-container\" class=\"wpforms-field wpforms-field-text\" data-field-id=\"4\"><label class=\"wpforms-field-label\" for=\"wpforms-6986-field_4\">Adresse \/ Ville <span class=\"wpforms-required-label\">*<\/span><\/label><input type=\"text\" id=\"wpforms-6986-field_4\" class=\"wpforms-field-medium wpforms-field-required\" name=\"wpforms[fields][4]\" required><\/div><div id=\"wpforms-6986-field_5-container\" class=\"wpforms-field wpforms-field-text\" data-field-id=\"5\"><label class=\"wpforms-field-label\" for=\"wpforms-6986-field_5\">Adresse \/ Code postal <span class=\"wpforms-required-label\">*<\/span><\/label><input type=\"text\" id=\"wpforms-6986-field_5\" class=\"wpforms-field-medium wpforms-field-required\" name=\"wpforms[fields][5]\" required><\/div><div id=\"wpforms-6986-field_6-container\" class=\"wpforms-field wpforms-field-radio\" data-field-id=\"6\"><label class=\"wpforms-field-label\">Indiquez par un choix <span class=\"wpforms-required-label\">*<\/span><\/label><ul id=\"wpforms-6986-field_6\" class=\"wpforms-field-required\"><li class=\"choice-1 depth-1\"><input type=\"radio\" id=\"wpforms-6986-field_6_1\" name=\"wpforms[fields][6]\" value=\"Dipl\u00f4m\u00e9(e)\" required ><label class=\"wpforms-field-label-inline\" for=\"wpforms-6986-field_6_1\">Dipl\u00f4m\u00e9(e)<\/label><\/li><li class=\"choice-2 depth-1\"><input type=\"radio\" id=\"wpforms-6986-field_6_2\" name=\"wpforms[fields][6]\" value=\"Employ\u00e9(e)\" required ><label class=\"wpforms-field-label-inline\" for=\"wpforms-6986-field_6_2\">Employ\u00e9(e)<\/label><\/li><\/ul><\/div><div id=\"wpforms-6986-field_14-container\" class=\"wpforms-field wpforms-field-radio\" data-field-id=\"14\"><label class=\"wpforms-field-label\">Choisissez votre campus <span class=\"wpforms-required-label\">*<\/span><\/label><ul id=\"wpforms-6986-field_14\" class=\"wpforms-field-required\"><li class=\"choice-1 depth-1\"><input type=\"radio\" id=\"wpforms-6986-field_14_1\" name=\"wpforms[fields][14]\" value=\"La Pocati\u00e8re\" required ><label class=\"wpforms-field-label-inline\" for=\"wpforms-6986-field_14_1\">La Pocati\u00e8re<\/label><\/li><li class=\"choice-2 depth-1\"><input type=\"radio\" id=\"wpforms-6986-field_14_2\" name=\"wpforms[fields][14]\" value=\"Saint-Hyacinthe\" required ><label class=\"wpforms-field-label-inline\" for=\"wpforms-6986-field_14_2\">Saint-Hyacinthe<\/label><\/li><\/ul><\/div><div id=\"wpforms-6986-field_7-container\" class=\"wpforms-field wpforms-field-select wpforms-field-select-style-classic\" data-field-id=\"7\"><label class=\"wpforms-field-label\" for=\"wpforms-6986-field_7\">Si vous \u00eates un ancien \u00e9tudiant, choisissez votre programme <span class=\"wpforms-required-label\">*<\/span><\/label><select id=\"wpforms-6986-field_7\" class=\"wpforms-field-medium wpforms-field-required\" name=\"wpforms[fields][7]\" required=\"required\"><option value=\"Faites votre choix de programme\"  class=\"choice-41 depth-1\"  >Faites votre choix de programme<\/option><option value=\"Non applicable\"  class=\"choice-1 depth-1\"  >Non applicable<\/option><option value=\"AEC \u2013 professionnel\"  class=\"choice-4 depth-1\"  >AEC \u2013 professionnel<\/option><option value=\"AEC- Fabrication de produits laitiers\"  class=\"choice-5 depth-1\"  >AEC- Fabrication de produits laitiers<\/option><option value=\"Autre\"  class=\"choice-6 depth-1\"  >Autre<\/option><option value=\"DEC sans mention\"  class=\"choice-7 depth-1\"  >DEC sans mention<\/option><option value=\"DEC Technique - autre\"  class=\"choice-8 depth-1\"  >DEC Technique &#8211; autre<\/option><option value=\"Exploitants de ferme\"  class=\"choice-9 depth-1\"  >Exploitants de ferme<\/option><option value=\"G\u00e9nie industriel et alimentaire\"  class=\"choice-10 depth-1\"  >G\u00e9nie industriel et alimentaire<\/option><option value=\"Gestion et exploitation d&#039;entreprise agricole\"  class=\"choice-11 depth-1\"  >Gestion et exploitation d&rsquo;entreprise agricole<\/option><option value=\"Gestion et exploitation d&#039;entreprise agricole - Productions v\u00e9g\u00e9tales\"  class=\"choice-12 depth-1\"  >Gestion et exploitation d&rsquo;entreprise agricole &#8211; Productions v\u00e9g\u00e9tales<\/option><option value=\"Horticulture\"  class=\"choice-13 depth-1\"  >Horticulture<\/option><option value=\"Horticulture l\u00e9gumi\u00e8re et fruiti\u00e8re HLF\"  class=\"choice-14 depth-1\"  >Horticulture l\u00e9gumi\u00e8re et fruiti\u00e8re HLF<\/option><option value=\"Horticulture ornementale HO\"  class=\"choice-15 depth-1\"  >Horticulture ornementale HO<\/option><option value=\"Hydraulique agricole\"  class=\"choice-16 depth-1\"  >Hydraulique agricole<\/option><option value=\"Hygi\u00e8ne publique\"  class=\"choice-17 depth-1\"  >Hygi\u00e8ne publique<\/option><option value=\"Machinisme agricole\"  class=\"choice-18 depth-1\"  >Machinisme agricole<\/option><option value=\"Paysage et commercialisation en horticulture ornementale PCHO\"  class=\"choice-20 depth-1\"  >Paysage et commercialisation en horticulture ornementale PCHO<\/option><option value=\"Salubrit\u00e9 des aliments\"  class=\"choice-21 depth-1\"  >Salubrit\u00e9 des aliments<\/option><option value=\"Sp\u00e9cialisation en production animale\"  class=\"choice-22 depth-1\"  >Sp\u00e9cialisation en production animale<\/option><option value=\"Sp\u00e9cialisation en productions v\u00e9g\u00e9tales\"  class=\"choice-23 depth-1\"  >Sp\u00e9cialisation en productions v\u00e9g\u00e9tales<\/option><option value=\"Technique de laboratoire\"  class=\"choice-24 depth-1\"  >Technique de laboratoire<\/option><option value=\"Technologie alimentaire\"  class=\"choice-25 depth-1\"  >Technologie alimentaire<\/option><option value=\"Technologie alimentaire : contr\u00f4le de la qualit\u00e9 et d\u00e9veloppement\"  class=\"choice-26 depth-1\"  >Technologie alimentaire : contr\u00f4le de la qualit\u00e9 et d\u00e9veloppement<\/option><option value=\"Technologie alimentaire : production\"  class=\"choice-27 depth-1\"  >Technologie alimentaire : production<\/option><option value=\"Technologie alimentaire : produits laitiers\"  class=\"choice-28 depth-1\"  >Technologie alimentaire : produits laitiers<\/option><option value=\"Technologie de la production horticole et de l&#039;environnement TPHE\"  class=\"choice-29 depth-1\"  >Technologie de la production horticole et de l&rsquo;environnement TPHE<\/option><option value=\"Technologie de la production horticole agroenvironnementale TPHA\"  class=\"choice-30 depth-1\"  >Technologie de la production horticole agroenvironnementale TPHA<\/option><option value=\"Technologie de la transformation des aliments TTA\"  class=\"choice-31 depth-1\"  >Technologie de la transformation des aliments TTA<\/option><option value=\"Technologie de laboratoire\"  class=\"choice-32 depth-1\"  >Technologie de laboratoire<\/option><option value=\"Technologie des \u00e9quipements agricoles TEA\"  class=\"choice-33 depth-1\"  >Technologie des \u00e9quipements agricoles TEA<\/option><option value=\"Technologie des proc\u00e9d\u00e9s et de la qualit\u00e9 des aliments TPQA\"  class=\"choice-34 depth-1\"  >Technologie des proc\u00e9d\u00e9s et de la qualit\u00e9 des aliments TPQA<\/option><option value=\"Technologie des productions animales TPA\"  class=\"choice-35 depth-1\"  >Technologie des productions animales TPA<\/option><option value=\"Technologie des sols\"  class=\"choice-36 depth-1\"  >Technologie des sols<\/option><option value=\"Technologie du g\u00e9nie agrom\u00e9canique TGA\"  class=\"choice-37 depth-1\"  >Technologie du g\u00e9nie agrom\u00e9canique TGA<\/option><option value=\"Technologie du g\u00e9nie rural TGR\"  class=\"choice-38 depth-1\"  >Technologie du g\u00e9nie rural TGR<\/option><option value=\"Technologie laiti\u00e8re\"  class=\"choice-39 depth-1\"  >Technologie laiti\u00e8re<\/option><option value=\"Zootechnologie ZOO\"  class=\"choice-40 depth-1\"  >Zootechnologie ZOO<\/option><\/select><\/div><div id=\"wpforms-6986-field_8-container\" class=\"wpforms-field wpforms-field-text\" data-field-id=\"8\"><label class=\"wpforms-field-label\" for=\"wpforms-6986-field_8\">\u00c9tudiant: En quelle ann\u00e9e avez-vous \u00e9t\u00e9 dipl\u00f4m\u00e9?<\/label><input type=\"text\" id=\"wpforms-6986-field_8\" class=\"wpforms-field-medium\" name=\"wpforms[fields][8]\" ><\/div><div id=\"wpforms-6986-field_12-container\" class=\"wpforms-field wpforms-field-text\" data-field-id=\"12\"><label class=\"wpforms-field-label\" for=\"wpforms-6986-field_12\">Employ\u00e9: En quelle ann\u00e9e avez-vous pris votre retraite?<\/label><input type=\"text\" id=\"wpforms-6986-field_12\" class=\"wpforms-field-medium\" name=\"wpforms[fields][12]\" ><\/div><div id=\"wpforms-6986-field_9-container\" class=\"wpforms-field wpforms-field-checkbox\" data-field-id=\"9\"><label class=\"wpforms-field-label\">J\u2019autorise l\u2019AAAITA \u00e0 utiliser des photos me repr\u00e9sentant, prises dans le cadre des activit\u00e9s de l\u2019Association, pour illustrer son site web ou encore \u00e0 des fins non commerciales. <span class=\"wpforms-required-label\">*<\/span><\/label><ul id=\"wpforms-6986-field_9\" class=\"wpforms-field-required\"><li class=\"choice-1 depth-1\"><input type=\"checkbox\" id=\"wpforms-6986-field_9_1\" name=\"wpforms[fields][9][]\" value=\"Je suis d&#039;accord\" required ><label class=\"wpforms-field-label-inline\" for=\"wpforms-6986-field_9_1\">Je suis d&rsquo;accord<\/label><\/li><li class=\"choice-2 depth-1\"><input type=\"checkbox\" id=\"wpforms-6986-field_9_2\" name=\"wpforms[fields][9][]\" value=\"Je ne suis pas d&#039;accord\" required ><label class=\"wpforms-field-label-inline\" for=\"wpforms-6986-field_9_2\">Je ne suis pas d&rsquo;accord<\/label><\/li><\/ul><\/div><div id=\"wpforms-6986-field_10-container\" class=\"wpforms-field wpforms-field-textarea\" data-field-id=\"10\"><label class=\"wpforms-field-label\" for=\"wpforms-6986-field_10\">Vos commentaires, questions?<\/label><textarea id=\"wpforms-6986-field_10\" class=\"wpforms-field-medium\" name=\"wpforms[fields][10]\" ><\/textarea><\/div><div id=\"wpforms-6986-field_16-container\" class=\"wpforms-field wpforms-field-checkbox\" data-field-id=\"16\"><label class=\"wpforms-field-label\">Politique de confidentialit\u00e9 <span class=\"wpforms-required-label\">*<\/span><\/label><ul id=\"wpforms-6986-field_16\" class=\"wpforms-field-required\"><li class=\"choice-1 depth-1\"><input type=\"checkbox\" id=\"wpforms-6986-field_16_1\" name=\"wpforms[fields][16][]\" value=\"J&#039;ai lu le texte sur la politique de confidentialit\u00e9\" required ><label class=\"wpforms-field-label-inline\" for=\"wpforms-6986-field_16_1\">J&rsquo;ai lu le texte sur la politique de confidentialit\u00e9<\/label><\/li><\/ul><\/div><\/div><!-- .wpforms-field-container --><div class=\"wpforms-submit-container\" ><input type=\"hidden\" name=\"wpforms[id]\" value=\"6986\"><input type=\"hidden\" name=\"page_title\" value=\"\"><input type=\"hidden\" name=\"page_url\" value=\"https:\/\/www.anciensita.ca\/saint-hyacinthe\/wp-json\/wp\/v2\/pages\/933\"><input type=\"hidden\" name=\"url_referer\" value=\"\"><button type=\"submit\" name=\"wpforms[submit]\" id=\"wpforms-submit-6986\" class=\"wpforms-submit\" data-alt-text=\"Envoi...\" data-submit-text=\"Envoyer\" aria-live=\"assertive\" value=\"wpforms-submit\">Envoyer<\/button><img loading=\"lazy\" decoding=\"async\" src=\"https:\/\/www.anciensita.ca\/saint-hyacinthe\/wp-content\/plugins\/wpforms\/assets\/images\/submit-spin.svg\" class=\"wpforms-submit-spinner\" style=\"display: none;\" width=\"26\" height=\"26\" alt=\"Chargement en cours\"><\/div><\/form><\/div>  <!-- .wpforms-container --><\/div>\n<\/div><\/div>\n\n\n\n<p><em><\/em><em>Le R\u00e9seau des dipl\u00f4m\u00e9s et retrait\u00e9s de l&rsquo;ITAQ&nbsp;<\/em>conserve les coordonn\u00e9es personnelles des anciens \u00e9tudiants et membres du personnel de l\u2019ITAQ&nbsp;dans le seul but de communiquer avec eux pour les besoins&nbsp;du<em>&nbsp;R\u00e9seau&nbsp;<\/em>ou pour leur transmettre de l\u2019information qui peut les int\u00e9resser<em>.&nbsp;<\/em>Les coordonn\u00e9es des membres sont recueillies et conserv\u00e9es,&nbsp;<em>pour une p\u00e9riode de 10 ans, e<\/em>n conformit\u00e9 avec la<em>&nbsp;Loi sur la protection des renseignements personnels dans le secteur priv\u00e9 et ce, L.R.Q., chapitre P-39.1).&nbsp;<\/em>Les donn\u00e9es personnelles ne seront en aucun cas transmises \u00e0 des tiers sans l\u2019autorisation expresse du membre.<\/p>\n\n\n\n<p><strong>Pour en savoir plus sur la protection de vos renseignements personnels, nous vous invitons \u00e0 lire notre <a href=\"https:\/\/www.anciensita.ca\/saint-hyacinthe\/politique-confidentialite\/\" data-type=\"page\" data-id=\"6391\">politique de confidentialit\u00e9<\/a><\/strong>.<\/p>\n\n\n\n<div style=\"height:100px\" aria-hidden=\"true\" class=\"wp-block-spacer\"><\/div>\n\n\n\n<p><\/p>\n","protected":false},"excerpt":{"rendered":"<p>Mettre vos coordonn\u00e9es \u00e0 jour Mise \u00e0 jour des coordonn\u00e9es Le R\u00e9seau des dipl\u00f4m\u00e9s et retrait\u00e9s de l&rsquo;ITAQ&nbsp;conserve les coordonn\u00e9es personnelles des anciens \u00e9tudiants et membres du personnel de l\u2019ITAQ&nbsp;dans le seul but de communiquer avec eux pour les besoins&nbsp;du&nbsp;R\u00e9seau&nbsp;ou pour leur transmettre de l\u2019information qui peut les int\u00e9resser.&nbsp;Les coordonn\u00e9es des membres sont recueillies et&hellip;&nbsp;<a href=\"https:\/\/www.anciensita.ca\/saint-hyacinthe\/services-aux-membres-2\/vos-coordonnees\/\" rel=\"bookmark\">Lire la suite &raquo;<span class=\"screen-reader-text\">Vos coordonn\u00e9es \u00e0 jour<\/span><\/a><\/p>\n","protected":false},"author":2,"featured_media":0,"parent":936,"menu_order":0,"comment_status":"closed","ping_status":"closed","template":"","meta":{"neve_meta_sidebar":"","neve_meta_container":"","neve_meta_enable_content_width":"on","neve_meta_content_width":90,"neve_meta_title_alignment":"","neve_meta_author_avatar":"","neve_post_elements_order":"","neve_meta_disable_header":"","neve_meta_disable_footer":"","neve_meta_disable_title":"on","_themeisle_gutenberg_block_has_review":false,"footnotes":""},"class_list":["post-933","page","type-page","status-publish","hentry"],"_links":{"self":[{"href":"https:\/\/www.anciensita.ca\/saint-hyacinthe\/wp-json\/wp\/v2\/pages\/933","targetHints":{"allow":["GET"]}}],"collection":[{"href":"https:\/\/www.anciensita.ca\/saint-hyacinthe\/wp-json\/wp\/v2\/pages"}],"about":[{"href":"https:\/\/www.anciensita.ca\/saint-hyacinthe\/wp-json\/wp\/v2\/types\/page"}],"author":[{"embeddable":true,"href":"https:\/\/www.anciensita.ca\/saint-hyacinthe\/wp-json\/wp\/v2\/users\/2"}],"replies":[{"embeddable":true,"href":"https:\/\/www.anciensita.ca\/saint-hyacinthe\/wp-json\/wp\/v2\/comments?post=933"}],"version-history":[{"count":11,"href":"https:\/\/www.anciensita.ca\/saint-hyacinthe\/wp-json\/wp\/v2\/pages\/933\/revisions"}],"predecessor-version":[{"id":8546,"href":"https:\/\/www.anciensita.ca\/saint-hyacinthe\/wp-json\/wp\/v2\/pages\/933\/revisions\/8546"}],"up":[{"embeddable":true,"href":"https:\/\/www.anciensita.ca\/saint-hyacinthe\/wp-json\/wp\/v2\/pages\/936"}],"wp:attachment":[{"href":"https:\/\/www.anciensita.ca\/saint-hyacinthe\/wp-json\/wp\/v2\/media?parent=933"}],"curies":[{"name":"wp","href":"https:\/\/api.w.org\/{rel}","templated":true}]}}