{"id":935,"date":"2014-07-28T18:35:56","date_gmt":"2014-07-28T23:35:56","guid":{"rendered":"http:\/\/test1.mariechristineboivin.ca\/?page_id=15"},"modified":"2026-02-06T13:32:09","modified_gmt":"2026-02-06T18:32:09","slug":"a-propos","status":"publish","type":"page","link":"https:\/\/www.anciensita.ca\/saint-hyacinthe\/a-propos\/","title":{"rendered":"\u00c0 propos"},"content":{"rendered":"\n<h1 class=\"wp-block-heading\">\u00c0 propos de l&rsquo;Association<\/h1>\n\n\n\n<p>L\u2019Association des anciennes et anciens de l\u2019ITA (AAAITA) prend vie, en 2010, &nbsp;sous forme d\u2019un projet de cr\u00e9ation suite \u00e0 la signature d\u2019un protocole d\u2019entente entre l\u2019ITA campus de St-Hyacinthe et la Fondation \u00c9douard-Brochu.&nbsp; Ce protocole vise \u00e0 mettre sur pied un regroupement ayant comme objectif&nbsp;de rassembler les dipl\u00f4m\u00e9s et le personnel retrait\u00e9 de l\u2019ITA qui souhaitent maintenir le lien entre eux et avec l\u2019\u00e9tablissement.<\/p>\n\n\n<div class=\"wp-block-image\">\n<figure class=\"alignright\"><img loading=\"lazy\" decoding=\"async\" width=\"200\" height=\"230\" src=\"https:\/\/www.anciensita.ca\/saint-hyacinthe\/wp-content\/uploads\/2014\/09\/Accueil1.jpg\" alt=\"\" class=\"wp-image-838\"\/><\/figure>\n<\/div>\n\n\n<p>Le projet de cr\u00e9ation est d\u2019une dur\u00e9e de 2 ans. Son aboutissement, soit le lancement officiel des activit\u00e9s de l\u2019Association des anciens et anciennes, concordera&nbsp; avec les f\u00eates du 50e anniversaire de l\u2019ITA en 2012.<\/p>\n\n\n\n<p>En janvier 2011, d\u2019anciens \u00e9tudiants et employ\u00e9s retrait\u00e9s&nbsp;ont \u00e9t\u00e9 sollicit\u00e9s pour participer&nbsp;\u00e0 un atelier consultatif.&nbsp; Cet atelier avait pour&nbsp;pour but d\u2019orienter les actions de la future association en permettant \u00e0 chaque participant de partager sa vision de ce que devrait \u00eatre une association d\u2019anciens. Plusieurs anciens ont fait part de leur int\u00e9r\u00eat face au projet.&nbsp; Ils ont dit souhaiter&nbsp;conserver un lien avec l\u2019\u00e9tablissement qui les a form\u00e9s et trouvent important de favoriser, par leurs actions, le sentiment d\u2019appartenance envers l\u2019ITA.<\/p>\n\n\n\n<p>Suite \u00e0 cette consultation, certains se sont port\u00e9s volontaires pour participer activement au projet et ont form\u00e9 un conseil d\u2019administration provisoire, ou conseil des membres fondateurs, &nbsp;pour l\u2019AAAITA.<\/p>\n\n\n\n<p>Le membres du conseil d\u2019administration ont&nbsp;eu \u00e0 d\u00e9finir la mission, la vision, les valeurs et les objectifs qui serviront de base au d\u00e9veloppement et au rayonnement de l\u2019AAAITA dans le milieu. Voici ce qui a \u00e9t\u00e9 d\u00e9fini:<\/p>\n\n\n\n<div id=\"wp-block-themeisle-blocks-advanced-columns-e50bbff4\" class=\"wp-block-themeisle-blocks-advanced-columns has-3-columns has-desktop-equal-layout has-tablet-equal-layout has-mobile-collapsedRows-layout has-vertical-unset\"><div class=\"wp-block-themeisle-blocks-advanced-columns-overlay\"><\/div><div class=\"innerblocks-wrap\">\n<div id=\"wp-block-themeisle-blocks-advanced-column-196aebf8\" class=\"wp-block-themeisle-blocks-advanced-column\">\n<h3 class=\"wp-block-heading\"><strong>Mission<\/strong><\/h3>\n\n\n\n<p>Offrir une tribune permanente et dynamique d\u2019\u00e9changes et de rencontres afin d\u2019assurer un lien privil\u00e9gi\u00e9 entre les dipl\u00f4m\u00e9s, les anciens \u00e9l\u00e8ves et le personnel retrait\u00e9 qui ont v\u00e9cu une \u00e9tape importante de leur vie dans un \u00e9tablissement unique de formation d\u00e9di\u00e9 au monde de l\u2019agroalimentaire, l\u2019Institut de technologie agroalimentaire, campus de Saint-Hyacinthe.<\/p>\n\n\n\n<h3 class=\"wp-block-heading\"><strong>Vision<\/strong><\/h3>\n\n\n\n<p>L\u2019Association est le levier d\u2019un mod\u00e8le de d\u00e9veloppement de l\u2019excellence au niveau humain et acad\u00e9mique, dans le secteur de l\u2019agroalimentaire, en cultivant la fiert\u00e9 et la reconnaissance des anciens.<\/p>\n<\/div>\n\n\n\n<div id=\"wp-block-themeisle-blocks-advanced-column-3390bfba\" class=\"wp-block-themeisle-blocks-advanced-column\">\n<h3 class=\"wp-block-heading\"><strong>Valeurs<\/strong><\/h3>\n\n\n\n<p>Notre comit\u00e9 des fondateurs a identifi\u00e9&nbsp;les valeurs suivantes afin qu\u2019elles guident les actions des b\u00e9n\u00e9voles et des membres de l\u2019AAAITA&nbsp;:<\/p>\n\n\n\n<div id=\"wp-block-themeisle-blocks-accordion-02fcd71b\" class=\"wp-block-themeisle-blocks-accordion exclusive\">\n<details class=\"wp-block-themeisle-blocks-accordion-item\"><summary class=\"wp-block-themeisle-blocks-accordion-item__title\"><div>Fraternit\u00e9<\/div><\/summary><div class=\"wp-block-themeisle-blocks-accordion-item__content\">\n<p>Nous nous engageons \u00e0 entretenir des liens conviviaux afin de favoriser le partage d\u2019un id\u00e9al commun.<\/p>\n<\/div><\/details>\n\n\n\n<details class=\"wp-block-themeisle-blocks-accordion-item\"><summary class=\"wp-block-themeisle-blocks-accordion-item__title\"><div>Respect<\/div><\/summary><div class=\"wp-block-themeisle-blocks-accordion-item__content\">\n<p>Nous consid\u00e9rons le respect comme un \u00e9l\u00e9ment fondamental qui guide les actions et favorise une vie agr\u00e9able en soci\u00e9t\u00e9.&nbsp; Nos actions et attitudes seront bas\u00e9es sur l\u2019acceptation, la consid\u00e9ration et la tol\u00e9rance.<\/p>\n<\/div><\/details>\n\n\n\n<details class=\"wp-block-themeisle-blocks-accordion-item\"><summary class=\"wp-block-themeisle-blocks-accordion-item__title\"><div>Enthousiasme<\/div><\/summary><div class=\"wp-block-themeisle-blocks-accordion-item__content\">\n<p>Le plaisir et la bonne humeur dictent nos actions.<\/p>\n<\/div><\/details>\n\n\n\n<details class=\"wp-block-themeisle-blocks-accordion-item\"><summary class=\"wp-block-themeisle-blocks-accordion-item__title\"><div>Engagement<\/div><\/summary><div class=\"wp-block-themeisle-blocks-accordion-item__content\">\n<p>Nous valorisons par une attitude favorable notre appartenance \u00e0 l\u2019Association, sa mission et ses objectifs<\/p>\n<\/div><\/details>\n<\/div>\n<\/div>\n\n\n\n<div id=\"wp-block-themeisle-blocks-advanced-column-ea301818\" class=\"wp-block-themeisle-blocks-advanced-column\">\n<h3 class=\"wp-block-heading\"><strong><\/strong><strong>Objectifs<\/strong><\/h3>\n\n\n\n<p>Les objectifs d\u00e9finis par les membres fondateurs du Conseil d\u2019administration provisoire sont les suivants&nbsp;:<\/p>\n\n\n\n<ul class=\"wp-block-list\">\n<li>Cr\u00e9er et maintenir des outils de communication entre les membres;<\/li>\n\n\n\n<li>Organiser ou soutenir l\u2019organisation d\u2019activit\u00e9s qui favorisent le r\u00e9seautage des membres;<\/li>\n\n\n\n<li>Organiser ou soutenir l\u2019organisation d\u2019activit\u00e9s qui supportent le d\u00e9veloppement de l\u2019ITA, campus de Saint-Hyacinthe.<\/li>\n<\/ul>\n<\/div>\n<\/div><\/div>\n\n\n\n<h3 class=\"wp-block-heading\">Votre conseil d&rsquo;administration<\/h3>\n\n\n\n<div id=\"wp-block-themeisle-blocks-advanced-columns-592e3707\" class=\"wp-block-themeisle-blocks-advanced-columns has-5-columns has-desktop-equal-layout has-tablet-equal-layout has-mobile-collapsedRows-layout has-vertical-top\"><div class=\"wp-block-themeisle-blocks-advanced-columns-overlay\"><\/div><div class=\"innerblocks-wrap\">\n<div id=\"wp-block-themeisle-blocks-advanced-column-7900109c\" class=\"wp-block-themeisle-blocks-advanced-column\"><div class=\"wp-block-image\">\n<figure class=\"aligncenter size-large\"><img decoding=\"async\" src=\"https:\/\/www.anciensita.ca\/saint-hyacinthe\/wp-content\/uploads\/2021\/05\/S-Bironb.jpg\" alt=\"\"\/><\/figure>\n<\/div>\n\n\n<p class=\"has-text-align-center\"><strong>Sylvain Biron<\/strong><br \/><strong>Pr\u00e9sident<\/strong><\/p>\n<\/div>\n\n\n\n<div id=\"wp-block-themeisle-blocks-advanced-column-89a08891\" class=\"wp-block-themeisle-blocks-advanced-column\"><div class=\"wp-block-image\">\n<figure class=\"aligncenter size-large is-resized\"><a href=\"https:\/\/www.anciensita.ca\/saint-hyacinthe\/wp-content\/uploads\/2026\/02\/Julie-Gagnon-vice-presidente2.jpeg\"><img loading=\"lazy\" decoding=\"async\" width=\"891\" height=\"1024\" src=\"https:\/\/www.anciensita.ca\/saint-hyacinthe\/wp-content\/uploads\/2026\/02\/Julie-Gagnon-vice-presidente2-891x1024.jpeg\" alt=\"\" class=\"wp-image-8499\" style=\"aspect-ratio:0.8701563562202583;width:110px;height:auto\" srcset=\"https:\/\/www.anciensita.ca\/saint-hyacinthe\/wp-content\/uploads\/2026\/02\/Julie-Gagnon-vice-presidente2-891x1024.jpeg 891w, https:\/\/www.anciensita.ca\/saint-hyacinthe\/wp-content\/uploads\/2026\/02\/Julie-Gagnon-vice-presidente2-261x300.jpeg 261w, https:\/\/www.anciensita.ca\/saint-hyacinthe\/wp-content\/uploads\/2026\/02\/Julie-Gagnon-vice-presidente2-768x882.jpeg 768w, https:\/\/www.anciensita.ca\/saint-hyacinthe\/wp-content\/uploads\/2026\/02\/Julie-Gagnon-vice-presidente2-600x689.jpeg 600w, https:\/\/www.anciensita.ca\/saint-hyacinthe\/wp-content\/uploads\/2026\/02\/Julie-Gagnon-vice-presidente2.jpeg 1081w\" sizes=\"auto, (max-width: 891px) 100vw, 891px\" \/><\/a><\/figure>\n<\/div>\n\n\n<p class=\"has-text-align-center\"><strong>Julie Gagnon<\/strong><br \/><strong>Vice-pr\u00e9sidente<\/strong><\/p>\n<\/div>\n\n\n\n<div id=\"wp-block-themeisle-blocks-advanced-column-8dad48e1\" class=\"wp-block-themeisle-blocks-advanced-column\"><div class=\"wp-block-image\">\n<figure class=\"aligncenter size-full is-resized\"><a href=\"https:\/\/www.anciensita.ca\/saint-hyacinthe\/wp-content\/uploads\/2026\/02\/3_Rene\u0301-Aube\u0301_secretaire.jpg\"><img loading=\"lazy\" decoding=\"async\" width=\"983\" height=\"974\" src=\"https:\/\/www.anciensita.ca\/saint-hyacinthe\/wp-content\/uploads\/2026\/02\/3_Rene\u0301-Aube\u0301_secretaire.jpg\" alt=\"\" class=\"wp-image-8500\" style=\"aspect-ratio:1.0093045260999842;width:133px;height:auto\" srcset=\"https:\/\/www.anciensita.ca\/saint-hyacinthe\/wp-content\/uploads\/2026\/02\/3_Rene\u0301-Aube\u0301_secretaire.jpg 983w, https:\/\/www.anciensita.ca\/saint-hyacinthe\/wp-content\/uploads\/2026\/02\/3_Rene\u0301-Aube\u0301_secretaire-300x297.jpg 300w, https:\/\/www.anciensita.ca\/saint-hyacinthe\/wp-content\/uploads\/2026\/02\/3_Rene\u0301-Aube\u0301_secretaire-150x150.jpg 150w, https:\/\/www.anciensita.ca\/saint-hyacinthe\/wp-content\/uploads\/2026\/02\/3_Rene\u0301-Aube\u0301_secretaire-768x761.jpg 768w, https:\/\/www.anciensita.ca\/saint-hyacinthe\/wp-content\/uploads\/2026\/02\/3_Rene\u0301-Aube\u0301_secretaire-600x595.jpg 600w, https:\/\/www.anciensita.ca\/saint-hyacinthe\/wp-content\/uploads\/2026\/02\/3_Rene\u0301-Aube\u0301_secretaire-100x100.jpg 100w\" sizes=\"auto, (max-width: 983px) 100vw, 983px\" \/><\/a><\/figure>\n<\/div>\n\n\n<p class=\"has-text-align-center\"><strong>Ren\u00e9 Aub\u00e9<\/strong><br \/><strong>Secr\u00e9taire<\/strong><\/p>\n<\/div>\n\n\n\n<div id=\"wp-block-themeisle-blocks-advanced-column-d132af3b\" class=\"wp-block-themeisle-blocks-advanced-column\"><div class=\"wp-block-image\">\n<figure class=\"aligncenter size-full is-resized\"><a href=\"https:\/\/www.anciensita.ca\/saint-hyacinthe\/wp-content\/uploads\/2024\/06\/Luc-Morissette.jpg\"><img loading=\"lazy\" decoding=\"async\" width=\"150\" height=\"225\" src=\"https:\/\/www.anciensita.ca\/saint-hyacinthe\/wp-content\/uploads\/2024\/06\/Luc-Morissette.jpg\" alt=\"\" class=\"wp-image-7792\" style=\"width:92px;height:auto\"\/><\/a><\/figure>\n<\/div>\n\n\n<p class=\"has-text-align-center\"><strong>Luc Morissette<\/strong><br \/><strong>Tr\u00e9sorier<\/strong><\/p>\n<\/div>\n\n\n\n<div id=\"wp-block-themeisle-blocks-advanced-column-e90cd629\" class=\"wp-block-themeisle-blocks-advanced-column\"><div class=\"wp-block-image\">\n<figure class=\"aligncenter size-full is-resized\"><a href=\"https:\/\/www.anciensita.ca\/saint-hyacinthe\/wp-content\/uploads\/2024\/06\/Martin-Gosselin.jpg\"><img loading=\"lazy\" decoding=\"async\" width=\"150\" height=\"139\" src=\"https:\/\/www.anciensita.ca\/saint-hyacinthe\/wp-content\/uploads\/2024\/06\/Martin-Gosselin.jpg\" alt=\"\" class=\"wp-image-7796\" style=\"width:150px;height:auto\"\/><\/a><figcaption class=\"wp-element-caption\"><br \/><strong>Martin Gosselin <br \/>Administrateur <\/strong><\/figcaption><\/figure>\n<\/div><\/div>\n<\/div><\/div>\n\n\n\n<div id=\"wp-block-themeisle-blocks-advanced-columns-bd76bacf\" class=\"wp-block-themeisle-blocks-advanced-columns has-5-columns has-desktop-equal-layout has-tablet-equal-layout has-mobile-collapsedRows-layout has-vertical-unset\"><div class=\"wp-block-themeisle-blocks-advanced-columns-overlay\"><\/div><div class=\"innerblocks-wrap\">\n<div id=\"wp-block-themeisle-blocks-advanced-column-cf037a08\" class=\"wp-block-themeisle-blocks-advanced-column\"><div class=\"wp-block-image\">\n<figure class=\"aligncenter size-full is-resized\"><a href=\"https:\/\/www.anciensita.ca\/saint-hyacinthe\/wp-content\/uploads\/2026\/02\/Sylvain-Joubert-administrateur.jpg\"><img loading=\"lazy\" decoding=\"async\" width=\"147\" height=\"208\" src=\"https:\/\/www.anciensita.ca\/saint-hyacinthe\/wp-content\/uploads\/2026\/02\/Sylvain-Joubert-administrateur.jpg\" alt=\"\" class=\"wp-image-8501\" style=\"width:105px;height:auto\"\/><\/a><figcaption class=\"wp-element-caption\"><strong><\/strong><strong>Sylvain Joubert<br \/>Administrateur<\/strong> <\/figcaption><\/figure>\n<\/div><\/div>\n\n\n\n<div id=\"wp-block-themeisle-blocks-advanced-column-1525426d\" class=\"wp-block-themeisle-blocks-advanced-column\"><div class=\"wp-block-image\">\n<figure class=\"aligncenter size-full is-resized\"><a href=\"https:\/\/www.anciensita.ca\/saint-hyacinthe\/wp-content\/uploads\/2026\/02\/David-Pelletier-administrateur-rogne\u0301.jpg\"><img loading=\"lazy\" decoding=\"async\" width=\"650\" height=\"692\" src=\"https:\/\/www.anciensita.ca\/saint-hyacinthe\/wp-content\/uploads\/2026\/02\/David-Pelletier-administrateur-rogne\u0301.jpg\" alt=\"\" class=\"wp-image-8502\" style=\"aspect-ratio:0.9393116606736626;width:142px;height:auto\" srcset=\"https:\/\/www.anciensita.ca\/saint-hyacinthe\/wp-content\/uploads\/2026\/02\/David-Pelletier-administrateur-rogne\u0301.jpg 650w, https:\/\/www.anciensita.ca\/saint-hyacinthe\/wp-content\/uploads\/2026\/02\/David-Pelletier-administrateur-rogne\u0301-282x300.jpg 282w, https:\/\/www.anciensita.ca\/saint-hyacinthe\/wp-content\/uploads\/2026\/02\/David-Pelletier-administrateur-rogne\u0301-600x639.jpg 600w\" sizes=\"auto, (max-width: 650px) 100vw, 650px\" \/><\/a><\/figure>\n<\/div>\n\n\n<p class=\"has-text-align-center\"><strong>David Pelletier<\/strong><br \/><strong>Administrateur<\/strong><\/p>\n<\/div>\n\n\n\n<div id=\"wp-block-themeisle-blocks-advanced-column-ca1f8340\" class=\"wp-block-themeisle-blocks-advanced-column\"><div class=\"wp-block-image\">\n<figure class=\"aligncenter size-full is-resized\"><a href=\"https:\/\/www.anciensita.ca\/saint-hyacinthe\/wp-content\/uploads\/2026\/02\/Jean-Marc-Tardif-administrateur.jpeg\"><img decoding=\"async\" src=\"https:\/\/www.anciensita.ca\/saint-hyacinthe\/wp-content\/uploads\/2026\/02\/Jean-Marc-Tardif-administrateur.jpeg\" alt=\"\" class=\"wp-image-8503\" style=\"width:126px;height:auto\"\/><\/a><figcaption class=\"wp-element-caption\"><strong>Jean-Marc Tardif<br \/>Administrateur<\/strong><\/figcaption><\/figure>\n<\/div><\/div>\n\n\n\n<div id=\"wp-block-themeisle-blocks-advanced-column-2814884d\" class=\"wp-block-themeisle-blocks-advanced-column\"><div class=\"wp-block-image\">\n<figure class=\"aligncenter size-full is-resized\"><a href=\"https:\/\/www.anciensita.ca\/saint-hyacinthe\/wp-content\/uploads\/2026\/02\/Karine-Mercier-administratrice-scaled.jpg\"><img loading=\"lazy\" decoding=\"async\" width=\"1707\" height=\"2560\" src=\"https:\/\/www.anciensita.ca\/saint-hyacinthe\/wp-content\/uploads\/2026\/02\/Karine-Mercier-administratrice-scaled.jpg\" alt=\"\" class=\"wp-image-8504\" style=\"aspect-ratio:0.6668494653139567;width:102px;height:auto\" srcset=\"https:\/\/www.anciensita.ca\/saint-hyacinthe\/wp-content\/uploads\/2026\/02\/Karine-Mercier-administratrice-scaled.jpg 1707w, https:\/\/www.anciensita.ca\/saint-hyacinthe\/wp-content\/uploads\/2026\/02\/Karine-Mercier-administratrice-200x300.jpg 200w, https:\/\/www.anciensita.ca\/saint-hyacinthe\/wp-content\/uploads\/2026\/02\/Karine-Mercier-administratrice-683x1024.jpg 683w, https:\/\/www.anciensita.ca\/saint-hyacinthe\/wp-content\/uploads\/2026\/02\/Karine-Mercier-administratrice-768x1152.jpg 768w, https:\/\/www.anciensita.ca\/saint-hyacinthe\/wp-content\/uploads\/2026\/02\/Karine-Mercier-administratrice-1024x1536.jpg 1024w, https:\/\/www.anciensita.ca\/saint-hyacinthe\/wp-content\/uploads\/2026\/02\/Karine-Mercier-administratrice-1365x2048.jpg 1365w, https:\/\/www.anciensita.ca\/saint-hyacinthe\/wp-content\/uploads\/2026\/02\/Karine-Mercier-administratrice-600x900.jpg 600w\" sizes=\"auto, (max-width: 1707px) 100vw, 1707px\" \/><\/a><figcaption class=\"wp-element-caption\"><strong>Karine Mercier<\/strong><br \/><strong>Repr\u00e9sentente de l&rsquo;ITAQ<\/strong><\/figcaption><\/figure>\n<\/div><\/div>\n\n\n\n<div id=\"wp-block-themeisle-blocks-advanced-column-53a86f6c\" class=\"wp-block-themeisle-blocks-advanced-column\"><div class=\"wp-block-image\">\n<figure class=\"aligncenter size-full is-resized\"><a href=\"https:\/\/www.anciensita.ca\/saint-hyacinthe\/wp-content\/uploads\/2026\/02\/amelie2.jpg\"><img loading=\"lazy\" decoding=\"async\" width=\"2056\" height=\"2356\" src=\"https:\/\/www.anciensita.ca\/saint-hyacinthe\/wp-content\/uploads\/2026\/02\/amelie2.jpg\" alt=\"\" class=\"wp-image-8506\" style=\"aspect-ratio:0.8727272727272727;width:130px;height:auto\" srcset=\"https:\/\/www.anciensita.ca\/saint-hyacinthe\/wp-content\/uploads\/2026\/02\/amelie2.jpg 2056w, https:\/\/www.anciensita.ca\/saint-hyacinthe\/wp-content\/uploads\/2026\/02\/amelie2-262x300.jpg 262w, https:\/\/www.anciensita.ca\/saint-hyacinthe\/wp-content\/uploads\/2026\/02\/amelie2-894x1024.jpg 894w, https:\/\/www.anciensita.ca\/saint-hyacinthe\/wp-content\/uploads\/2026\/02\/amelie2-768x880.jpg 768w, https:\/\/www.anciensita.ca\/saint-hyacinthe\/wp-content\/uploads\/2026\/02\/amelie2-1340x1536.jpg 1340w, https:\/\/www.anciensita.ca\/saint-hyacinthe\/wp-content\/uploads\/2026\/02\/amelie2-1787x2048.jpg 1787w, https:\/\/www.anciensita.ca\/saint-hyacinthe\/wp-content\/uploads\/2026\/02\/amelie2-600x688.jpg 600w\" sizes=\"auto, (max-width: 2056px) 100vw, 2056px\" \/><\/a><figcaption class=\"wp-element-caption\"><strong>Am\u00e9lie Tremblay<br \/>Directrice g\u00e9n\u00e9rale<\/strong><\/figcaption><\/figure>\n<\/div><\/div>\n<\/div><\/div>\n\n\n\n<p><\/p>\n\n\n\n<div style=\"height:100px\" aria-hidden=\"true\" class=\"wp-block-spacer\"><\/div>\n","protected":false},"excerpt":{"rendered":"<p>\u00c0 propos de l&rsquo;Association L\u2019Association des anciennes et anciens de l\u2019ITA (AAAITA) prend vie, en 2010, &nbsp;sous forme d\u2019un projet de cr\u00e9ation suite \u00e0 la signature d\u2019un protocole d\u2019entente entre l\u2019ITA campus de St-Hyacinthe et la Fondation \u00c9douard-Brochu.&nbsp; Ce protocole vise \u00e0 mettre sur pied un regroupement ayant comme objectif&nbsp;de rassembler les dipl\u00f4m\u00e9s et le&hellip;&nbsp;<a href=\"https:\/\/www.anciensita.ca\/saint-hyacinthe\/a-propos\/\" rel=\"bookmark\">Lire la suite &raquo;<span class=\"screen-reader-text\">\u00c0 propos<\/span><\/a><\/p>\n","protected":false},"author":2,"featured_media":0,"parent":0,"menu_order":0,"comment_status":"closed","ping_status":"closed","template":"","meta":{"neve_meta_sidebar":"","neve_meta_container":"","neve_meta_enable_content_width":"on","neve_meta_content_width":90,"neve_meta_title_alignment":"","neve_meta_author_avatar":"","neve_post_elements_order":"","neve_meta_disable_header":"","neve_meta_disable_footer":"","neve_meta_disable_title":"on","_themeisle_gutenberg_block_has_review":false,"footnotes":""},"class_list":["post-935","page","type-page","status-publish","hentry"],"_links":{"self":[{"href":"https:\/\/www.anciensita.ca\/saint-hyacinthe\/wp-json\/wp\/v2\/pages\/935","targetHints":{"allow":["GET"]}}],"collection":[{"href":"https:\/\/www.anciensita.ca\/saint-hyacinthe\/wp-json\/wp\/v2\/pages"}],"about":[{"href":"https:\/\/www.anciensita.ca\/saint-hyacinthe\/wp-json\/wp\/v2\/types\/page"}],"author":[{"embeddable":true,"href":"https:\/\/www.anciensita.ca\/saint-hyacinthe\/wp-json\/wp\/v2\/users\/2"}],"replies":[{"embeddable":true,"href":"https:\/\/www.anciensita.ca\/saint-hyacinthe\/wp-json\/wp\/v2\/comments?post=935"}],"version-history":[{"count":25,"href":"https:\/\/www.anciensita.ca\/saint-hyacinthe\/wp-json\/wp\/v2\/pages\/935\/revisions"}],"predecessor-version":[{"id":8508,"href":"https:\/\/www.anciensita.ca\/saint-hyacinthe\/wp-json\/wp\/v2\/pages\/935\/revisions\/8508"}],"wp:attachment":[{"href":"https:\/\/www.anciensita.ca\/saint-hyacinthe\/wp-json\/wp\/v2\/media?parent=935"}],"curies":[{"name":"wp","href":"https:\/\/api.w.org\/{rel}","templated":true}]}}