{"id":949,"date":"2014-07-28T18:43:19","date_gmt":"2014-07-28T18:43:19","guid":{"rendered":"http:\/\/test1.mariechristineboivin.ca\/?page_id=25"},"modified":"2023-01-24T12:33:57","modified_gmt":"2023-01-24T17:33:57","slug":"nos-membres","status":"publish","type":"page","link":"https:\/\/www.anciensita.ca\/saint-hyacinthe\/qui-sommes-nous-2\/nos-membres\/","title":{"rendered":"Nos membres"},"content":{"rendered":"<h1>Qui \u00eates-vous ?<\/h1>\n<p style=\"font-weight: inherit; font-style: inherit;\">En accord avec notre mission de rassembler tous les anciens de l\u2019ITA, nous souhaitons que l\u2019Association soit un regroupement inclusif et ouvert.\u00a0 C\u2019est pourquoi toute personne ayant fr\u00e9quent\u00e9 ou travaill\u00e9 \u00e0 l\u2019ITA peut automatiquement devenir membre de l\u2019AAAITA.<\/p>\n<p style=\"font-weight: inherit; font-style: inherit;\">Plusieurs cat\u00e9gories de membres ont \u00e9t\u00e9 cr\u00e9\u00e9es, avec comme objectif d\u2019offrir \u00e0 chacun des activit\u00e9s ou services en accord avec ses attentes et ses besoins.\u00a0 Nous trouvons important que chaque groupe ait sa place au sein de l\u2019Association en vue de contribuer \u00e0 son dynamisme et sa p\u00e9rennit\u00e9.\u00a0 Nous croyons que la structure suivante facilitera la r\u00e9alisation de cet objectif.<\/p>\n<p style=\"font-weight: inherit; font-style: inherit;\">Aucune cotisation annuelle n\u2019est requise pour devenir membre r\u00e9gulier, associ\u00e9 ou honoraire de l\u2019AAAITA.<\/p>\n<p style=\"font-weight: inherit; font-style: inherit;\"><strong style=\"font-style: inherit;\">Toute personne correspondant \u00e0 ces \u00e9nonc\u00e9s et qui le souhaite peut s\u2019inscrire en remplissant le formulaire de mise \u00e0 jour de ses coordonn\u00e9es (mettre lien vers le formulaire.\u00a0 Il s\u2019assure ainsi de recevoir le bulletin \u00e9lectronique de l\u2019Association et d\u2019\u00eatre tenu inform\u00e9 des \u00e9v\u00e9nements \u00e0 venir<\/strong><span style=\"font-weight: inherit; font-style: inherit;\">.<\/span><\/p>\n<p style=\"font-weight: inherit; font-style: inherit;\"><span style=\"font-weight: inherit; font-style: inherit;\"><strong style=\"font-style: inherit;\">Membre r\u00e9gulier \u2013 Dipl\u00f4m\u00e9<\/strong><\/span><\/p>\n<p style=\"font-weight: inherit; font-style: inherit;\">Toute personne qui a obtenu un dipl\u00f4me d\u2019\u00e9tudes coll\u00e9giales (DEC) ou une attestation d\u2019\u00e9tudes coll\u00e9giales (AEC) reconnu et \u00e9mis par l\u2019ITA.\u00a0 Chaque finissant devient donc automatiquement membre de l\u2019Association d\u00e8s qu\u2019il obtient son dipl\u00f4me.<\/p>\n<p style=\"font-weight: inherit; font-style: inherit;\"><span style=\"font-weight: inherit; font-style: inherit;\"><strong style=\"font-style: inherit;\">Membre r\u00e9gulier \u2013 Retrait\u00e9<\/strong><\/span><\/p>\n<p style=\"font-weight: inherit; font-style: inherit;\">Tout membre du personnel retrait\u00e9 de l\u2019ITA, campus de Saint-Hyacinthe.<\/p>\n<p style=\"font-weight: inherit; font-style: inherit;\"><span style=\"font-weight: inherit; font-style: inherit;\"><strong style=\"font-style: inherit;\">Membre associ\u00e9<\/strong><\/span><\/p>\n<p style=\"font-weight: inherit; font-style: inherit;\">Toute personne qui a fr\u00e9quent\u00e9 l\u2019ITA pour une formation sans y avoir obtenu un dipl\u00f4me d\u2019\u00e9tudes coll\u00e9giales (DEC) ou une attestation d\u2019\u00e9tudes coll\u00e9giale (AEC) ou encore tout membre du personnel qui a travaill\u00e9 \u00e0 l\u2019ITA sans y avoir termin\u00e9 sa carri\u00e8re.<\/p>\n<p style=\"font-weight: inherit; font-style: inherit;\"><span style=\"font-weight: inherit; font-style: inherit;\"><strong style=\"font-style: inherit;\">Membre honoraire<\/strong><\/span><\/p>\n<p style=\"font-weight: inherit; font-style: inherit;\">Le statut de membre honoraire est octroy\u00e9 par le Conseil d\u2019administration de l\u2019AAAITA \u00e0 toute personne qui a contribu\u00e9 de fa\u00e7on exceptionnelle au rayonnement de l\u2019ITA et\/ou de ses anciens par son action \u00e0 l\u2019int\u00e9rieur de l\u2019ITA ou dans le milieu, sans avoir \u00e9t\u00e9 \u00e9tudiant ou employ\u00e9.<\/p>\n","protected":false},"excerpt":{"rendered":"<p>Qui \u00eates-vous ? En accord avec notre mission de rassembler tous les anciens de l\u2019ITA, nous souhaitons que l\u2019Association soit un regroupement inclusif et ouvert.\u00a0 C\u2019est pourquoi toute personne ayant fr\u00e9quent\u00e9 ou travaill\u00e9 \u00e0 l\u2019ITA peut automatiquement devenir membre de l\u2019AAAITA. Plusieurs cat\u00e9gories de membres ont \u00e9t\u00e9 cr\u00e9\u00e9es, avec comme objectif d\u2019offrir \u00e0 chacun des&hellip;&nbsp;<a href=\"https:\/\/www.anciensita.ca\/saint-hyacinthe\/qui-sommes-nous-2\/nos-membres\/\" rel=\"bookmark\">Lire la suite &raquo;<span class=\"screen-reader-text\">Nos membres<\/span><\/a><\/p>\n","protected":false},"author":2,"featured_media":0,"parent":934,"menu_order":0,"comment_status":"closed","ping_status":"open","template":"","meta":{"neve_meta_sidebar":"","neve_meta_container":"","neve_meta_enable_content_width":"","neve_meta_content_width":0,"neve_meta_title_alignment":"","neve_meta_author_avatar":"","neve_post_elements_order":"","neve_meta_disable_header":"","neve_meta_disable_footer":"","neve_meta_disable_title":"","_themeisle_gutenberg_block_has_review":false,"footnotes":""},"class_list":["post-949","page","type-page","status-publish","hentry"],"_links":{"self":[{"href":"https:\/\/www.anciensita.ca\/saint-hyacinthe\/wp-json\/wp\/v2\/pages\/949","targetHints":{"allow":["GET"]}}],"collection":[{"href":"https:\/\/www.anciensita.ca\/saint-hyacinthe\/wp-json\/wp\/v2\/pages"}],"about":[{"href":"https:\/\/www.anciensita.ca\/saint-hyacinthe\/wp-json\/wp\/v2\/types\/page"}],"author":[{"embeddable":true,"href":"https:\/\/www.anciensita.ca\/saint-hyacinthe\/wp-json\/wp\/v2\/users\/2"}],"replies":[{"embeddable":true,"href":"https:\/\/www.anciensita.ca\/saint-hyacinthe\/wp-json\/wp\/v2\/comments?post=949"}],"version-history":[{"count":1,"href":"https:\/\/www.anciensita.ca\/saint-hyacinthe\/wp-json\/wp\/v2\/pages\/949\/revisions"}],"predecessor-version":[{"id":6531,"href":"https:\/\/www.anciensita.ca\/saint-hyacinthe\/wp-json\/wp\/v2\/pages\/949\/revisions\/6531"}],"up":[{"embeddable":true,"href":"https:\/\/www.anciensita.ca\/saint-hyacinthe\/wp-json\/wp\/v2\/pages\/934"}],"wp:attachment":[{"href":"https:\/\/www.anciensita.ca\/saint-hyacinthe\/wp-json\/wp\/v2\/media?parent=949"}],"curies":[{"name":"wp","href":"https:\/\/api.w.org\/{rel}","templated":true}]}}