{"id":950,"date":"2014-07-28T18:43:39","date_gmt":"2014-07-28T23:43:39","guid":{"rendered":"http:\/\/test1.mariechristineboivin.ca\/?page_id=27"},"modified":"2023-02-10T14:22:05","modified_gmt":"2023-02-10T19:22:05","slug":"simpliquer","status":"publish","type":"page","link":"https:\/\/www.anciensita.ca\/saint-hyacinthe\/services-aux-membres-2\/simpliquer\/","title":{"rendered":"S&rsquo;impliquer ?"},"content":{"rendered":"\n<h2 class=\"wp-block-heading\"><strong style=\"font-style: inherit;\">Pourquoi&nbsp;?<\/strong><\/h2>\n\n\n\n<div id=\"wp-block-themeisle-blocks-advanced-columns-5887b179\" class=\"wp-block-themeisle-blocks-advanced-columns has-2-columns has-desktop-equal-layout has-tablet-equal-layout has-mobile-collapsedRows-layout has-vertical-unset\"><div class=\"wp-block-themeisle-blocks-advanced-columns-overlay\"><\/div><div class=\"innerblocks-wrap\">\n<div id=\"wp-block-themeisle-blocks-advanced-column-b464f853\" class=\"wp-block-themeisle-blocks-advanced-column\">\n<p>Parce que notre regroupement ne pourra vivre et \u00eatre dynamique sans vous, puisque&nbsp; l\u2019engagement b\u00e9n\u00e9vole permet l\u2019organisation d\u2019activit\u00e9s et d\u2019\u00e9v\u00e8nements vari\u00e9s qui&nbsp;rejoignent&nbsp;davantage les int\u00e9r\u00eats de chacun des membres de l\u2019Association.<\/p>\n\n\n\n<p><strong style=\"font-style: inherit;\">Quoi et Comment&nbsp;?<\/strong><\/p>\n\n\n\n<ul class=\"wp-block-list\">\n<li>Vous avez gard\u00e9 contact avec de nombreux anciens et aimeriez agir comme \u00ab&nbsp;mobilisateur&nbsp;\u00bb&nbsp; pour votre promotion&nbsp;?<\/li>\n\n\n\n<li>Vous souhaitez contribuer \u00e0 l\u2019organisation d\u2019un \u00e9v\u00e9nement en particulier&nbsp;? Par exemple l\u2019organisation des Grandes Retrouvailles 2012.<\/li>\n\n\n\n<li>L\u2019entreprise au sein de laquelle vous \u0153uvrez peut apporter son support \u00e0 l\u2019Association?<\/li>\n\n\n\n<li>Vous souhaitez poser votre candidature pour un poste au conseil d\u2019administration&nbsp;?<\/li>\n<\/ul>\n<\/div>\n\n\n\n<div id=\"wp-block-themeisle-blocks-advanced-column-cd12c484\" class=\"wp-block-themeisle-blocks-advanced-column\">\n<figure class=\"wp-block-image size-large\"><a href=\"https:\/\/www.anciensita.ca\/saint-hyacinthe\/wp-content\/uploads\/2023\/02\/Atelier-comparaison-scaled.jpg\"><img loading=\"lazy\" decoding=\"async\" width=\"1024\" height=\"768\" src=\"https:\/\/www.anciensita.ca\/saint-hyacinthe\/wp-content\/uploads\/2023\/02\/Atelier-comparaison-1024x768.jpg\" alt=\"\" class=\"wp-image-6964\" srcset=\"https:\/\/www.anciensita.ca\/saint-hyacinthe\/wp-content\/uploads\/2023\/02\/Atelier-comparaison-1024x768.jpg 1024w, https:\/\/www.anciensita.ca\/saint-hyacinthe\/wp-content\/uploads\/2023\/02\/Atelier-comparaison-300x225.jpg 300w, https:\/\/www.anciensita.ca\/saint-hyacinthe\/wp-content\/uploads\/2023\/02\/Atelier-comparaison-768x576.jpg 768w, https:\/\/www.anciensita.ca\/saint-hyacinthe\/wp-content\/uploads\/2023\/02\/Atelier-comparaison-1536x1152.jpg 1536w, https:\/\/www.anciensita.ca\/saint-hyacinthe\/wp-content\/uploads\/2023\/02\/Atelier-comparaison-2048x1536.jpg 2048w, https:\/\/www.anciensita.ca\/saint-hyacinthe\/wp-content\/uploads\/2023\/02\/Atelier-comparaison-600x450.jpg 600w\" sizes=\"auto, (max-width: 1024px) 100vw, 1024px\" \/><\/a><\/figure>\n<\/div>\n<\/div><\/div>\n\n\n\n<div id=\"wp-block-themeisle-blocks-advanced-columns-953360bc\" class=\"wp-block-themeisle-blocks-advanced-columns has-1-columns has-desktop-equal-layout has-tablet-equal-layout has-mobile-equal-layout has-vertical-unset\"><div class=\"wp-block-themeisle-blocks-advanced-columns-overlay\"><\/div><div class=\"innerblocks-wrap\">\n<div id=\"wp-block-themeisle-blocks-advanced-column-a406d379\" class=\"wp-block-themeisle-blocks-advanced-column\">\n<p class=\"has-text-align-center\"><strong>N\u2019h\u00e9sitez pas \u00e0 vous joindre \u00e0 une \u00e9quipe de b\u00e9n\u00e9voles dynamiques ou \u00e0 associer votre entreprise \u00e0 nos diff\u00e9rents projets.&nbsp; <br \/>Que ce soit comme participant, organisateur ou partenaire, toute contribution est la bienvenue&nbsp;!<\/strong><\/p>\n<\/div>\n<\/div><\/div>\n\n\n\n<h2 class=\"wp-block-heading\">Qui \u00eates-vous ?<\/h2>\n\n\n\n<div id=\"wp-block-themeisle-blocks-advanced-columns-ab256a9b\" class=\"wp-block-themeisle-blocks-advanced-columns has-2-columns has-desktop-equal-layout has-tablet-equal-layout has-mobile-collapsedRows-layout has-vertical-unset\"><div class=\"wp-block-themeisle-blocks-advanced-columns-overlay\"><\/div><div class=\"innerblocks-wrap\">\n<div id=\"wp-block-themeisle-blocks-advanced-column-e4f148b7\" class=\"wp-block-themeisle-blocks-advanced-column\"><div class=\"wp-block-image\">\n<figure class=\"aligncenter size-full is-resized\"><a href=\"https:\/\/www.anciensita.ca\/saint-hyacinthe\/wp-content\/uploads\/2023\/02\/Realisation-dun-mur-vegetalise-ITAQ-scaled.jpg\"><img loading=\"lazy\" decoding=\"async\" src=\"https:\/\/www.anciensita.ca\/saint-hyacinthe\/wp-content\/uploads\/2023\/02\/Realisation-dun-mur-vegetalise-ITAQ-scaled.jpg\" alt=\"\" class=\"wp-image-6967\" width=\"435\" height=\"653\" srcset=\"https:\/\/www.anciensita.ca\/saint-hyacinthe\/wp-content\/uploads\/2023\/02\/Realisation-dun-mur-vegetalise-ITAQ-scaled.jpg 1704w, https:\/\/www.anciensita.ca\/saint-hyacinthe\/wp-content\/uploads\/2023\/02\/Realisation-dun-mur-vegetalise-ITAQ-200x300.jpg 200w\" sizes=\"auto, (max-width: 435px) 100vw, 435px\" \/><\/a><\/figure>\n<\/div><\/div>\n\n\n\n<div id=\"wp-block-themeisle-blocks-advanced-column-a545cc76\" class=\"wp-block-themeisle-blocks-advanced-column\">\n<p>Aucune cotisation annuelle n\u2019est requise pour devenir membre r\u00e9gulier ou associ\u00e9 de l\u2019AAAITA.<\/p>\n\n\n\n<p><strong>Toute personne correspondant \u00e0 ces \u00e9nonc\u00e9s et qui le souhaite peut s\u2019inscrire en remplissant le <a href=\"https:\/\/www.anciensita.ca\/saint-hyacinthe\/services-aux-membres-2\/vos-coordonnees\/\">formulaire de mise \u00e0 jour de ses coordonn\u00e9es<\/a>. Il s\u2019assure ainsi de recevoir le bulletin \u00e9lectronique de l\u2019Association et d\u2019\u00eatre tenu inform\u00e9 des \u00e9v\u00e9nements \u00e0 venir<\/strong>.<\/p>\n\n\n\n<p><strong>Membre r\u00e9gulier \u2013 Dipl\u00f4m\u00e9<\/strong><\/p>\n\n\n\n<p>Toute personne qui a obtenu un dipl\u00f4me d\u2019\u00e9tudes coll\u00e9giales (DEC) ou une attestation d\u2019\u00e9tudes coll\u00e9giales (AEC) reconnu et \u00e9mis par l\u2019ITA.&nbsp; Chaque finissant devient donc automatiquement membre de l\u2019Association d\u00e8s qu\u2019il obtient son dipl\u00f4me.<\/p>\n\n\n\n<p><strong>Membre r\u00e9gulier \u2013 Retrait\u00e9<\/strong><\/p>\n\n\n\n<p>Tout membre du personnel retrait\u00e9 de l\u2019ITA, campus de Saint-Hyacinthe.<\/p>\n\n\n\n<p><strong>Membre associ\u00e9<\/strong><\/p>\n\n\n\n<p>Toute personne qui a fr\u00e9quent\u00e9 l\u2019ITA pour une formation sans y avoir obtenu un dipl\u00f4me d\u2019\u00e9tudes coll\u00e9giales (DEC) ou une attestation d\u2019\u00e9tudes coll\u00e9giale (AEC) ou encore tout membre du personnel qui a travaill\u00e9 \u00e0 l\u2019ITA sans y avoir termin\u00e9 sa carri\u00e8re.<\/p>\n<\/div>\n<\/div><\/div>\n\n\n\n<div style=\"height:100px\" aria-hidden=\"true\" class=\"wp-block-spacer\"><\/div>\n","protected":false},"excerpt":{"rendered":"<p>Pourquoi&nbsp;? Qui \u00eates-vous ?<\/p>\n","protected":false},"author":2,"featured_media":0,"parent":936,"menu_order":0,"comment_status":"closed","ping_status":"closed","template":"","meta":{"neve_meta_sidebar":"","neve_meta_container":"","neve_meta_enable_content_width":"on","neve_meta_content_width":90,"neve_meta_title_alignment":"","neve_meta_author_avatar":"","neve_post_elements_order":"","neve_meta_disable_header":"","neve_meta_disable_footer":"","neve_meta_disable_title":"","_themeisle_gutenberg_block_has_review":false,"footnotes":""},"class_list":["post-950","page","type-page","status-publish","hentry"],"_links":{"self":[{"href":"https:\/\/www.anciensita.ca\/saint-hyacinthe\/wp-json\/wp\/v2\/pages\/950","targetHints":{"allow":["GET"]}}],"collection":[{"href":"https:\/\/www.anciensita.ca\/saint-hyacinthe\/wp-json\/wp\/v2\/pages"}],"about":[{"href":"https:\/\/www.anciensita.ca\/saint-hyacinthe\/wp-json\/wp\/v2\/types\/page"}],"author":[{"embeddable":true,"href":"https:\/\/www.anciensita.ca\/saint-hyacinthe\/wp-json\/wp\/v2\/users\/2"}],"replies":[{"embeddable":true,"href":"https:\/\/www.anciensita.ca\/saint-hyacinthe\/wp-json\/wp\/v2\/comments?post=950"}],"version-history":[{"count":10,"href":"https:\/\/www.anciensita.ca\/saint-hyacinthe\/wp-json\/wp\/v2\/pages\/950\/revisions"}],"predecessor-version":[{"id":7039,"href":"https:\/\/www.anciensita.ca\/saint-hyacinthe\/wp-json\/wp\/v2\/pages\/950\/revisions\/7039"}],"up":[{"embeddable":true,"href":"https:\/\/www.anciensita.ca\/saint-hyacinthe\/wp-json\/wp\/v2\/pages\/936"}],"wp:attachment":[{"href":"https:\/\/www.anciensita.ca\/saint-hyacinthe\/wp-json\/wp\/v2\/media?parent=950"}],"curies":[{"name":"wp","href":"https:\/\/api.w.org\/{rel}","templated":true}]}}