{"id":971,"date":"2014-08-12T13:13:52","date_gmt":"2014-08-12T13:13:52","guid":{"rendered":"http:\/\/test1.mariechristineboivin.ca\/?page_id=186"},"modified":"2023-01-24T15:39:18","modified_gmt":"2023-01-24T20:39:18","slug":"la-famille-dore","status":"publish","type":"page","link":"https:\/\/www.anciensita.ca\/saint-hyacinthe\/dhier-a-aujourdhui-2\/lita-une-affaire-de-famille\/la-famille-dore\/","title":{"rendered":"La famille Dor\u00e9"},"content":{"rendered":"<figure id=\"attachment_395\" aria-describedby=\"caption-attachment-395\" style=\"width: 450px\" class=\"wp-caption alignleft\"><img loading=\"lazy\" decoding=\"async\" class=\"size-full wp-image-395\" src=\"https:\/\/www.anciensita.ca\/saint-hyacinthe\/wp-content\/uploads\/2014\/08\/famille_dore01.jpg\" alt=\"La famille Dor\u00e9\" width=\"450\" height=\"266\" srcset=\"https:\/\/www.anciensita.ca\/saint-hyacinthe\/wp-content\/uploads\/2014\/08\/famille_dore01.jpg 450w, https:\/\/www.anciensita.ca\/saint-hyacinthe\/wp-content\/uploads\/2014\/08\/famille_dore01-300x177.jpg 300w\" sizes=\"auto, (max-width: 450px) 100vw, 450px\" \/><figcaption id=\"caption-attachment-395\" class=\"wp-caption-text\">Sur la photo de gauche \u00e0 droite : Gaston, Lorraine, Ga\u00e9tan (m\u00e9rite ATA 2010), Claude, Sylvain<\/figcaption><\/figure>\n<p>Il nous fait plaisir de vous pr\u00e9senter les membres de la famille Dor\u00e9 form\u00e9s \u00e0 l\u2019ITA campus de Saint-Hyacinthe.<br \/>\nOriginaires de Ferme-Neuve dans les Hautes-Laurentides, \u00e9lev\u00e9s sur la ferme paternelle, les 8 enfants ont travaill\u00e9 sur la terre familiale. Cinq d\u2019entre eux ont \u00e9t\u00e9 int\u00e9ress\u00e9s \u00e0 parfaire leurs connaissances en l\u2019agroalimentaire et sont dipl\u00f4m\u00e9s de l\u2019ITA Saint-Hyacinthe.<\/p>\n<p><strong>Le premier de la famille Dor\u00e9 \u00e0 avoir pris le chemin de l\u2019ITA est Ga\u00e9tan, T.P. gradu\u00e9 en horticulture l\u00e9gumi\u00e8re et fruiti\u00e8re, promotion 1975<\/strong><br \/>\nApr\u00e8s ses \u00e9tudes, Ga\u00e9tan est embauch\u00e9 comme repr\u00e9sentant \u00e0 la R\u00e9gie de l\u2019assurance r\u00e9colte du Qu\u00e9bec.<br \/>\nEn 1981, il est nomm\u00e9 directeur r\u00e9gional \u00e0 la R\u00e9gie des assurances agricoles pour la r\u00e9gion de Saint-Hyacinthe.<br \/>\n\u00c0 compter de 1984, il occupe les m\u00eames fonctions dans le Haut-Richelieu, soit \u00e0 Iberville. En 1992, il est nomm\u00e9 directeur pour les r\u00e9gions de l\u2019Estrie et de la Beauce.<br \/>\nLors de la cr\u00e9ation de la Financi\u00e8re agricole, en 2001, il assume la fonction de directeur r\u00e9gional pour la r\u00e9gion de l\u2019Estrie et responsable de l\u2019application des programmes de financement agricole et d\u2019assurances agricoles. Il a occup\u00e9 ce poste jusqu\u2019\u00e0 sa retraite en 2009.<br \/>\nEn 2010, il est le r\u00e9cipiendaire du M\u00e9rite \u00c9douard-Brochu et du M\u00e9rite technologique agroalimentaire, qui rendent hommage \u00e0 sa carri\u00e8re de plus de 34 ans dans la fonction publique au service des producteurs et productrices agricoles.<\/p>\n<p><strong>Le deuxi\u00e8me de la famille Claude, gradu\u00e9 en zootechnnie promotion 1976<\/strong><\/p>\n<p>Claude a d\u00e9but\u00e9 sa carri\u00e8re \u00e0 la Soci\u00e9t\u00e9 Coop\u00e9rative agricole de Montcalm \u00e0 Saint-Jacques comme repr\u00e9sentant en production laiti\u00e8re et v\u00e9g\u00e9tale.\u00a0En 1984, dans le but d\u2019acqu\u00e9rir de nouvelles exp\u00e9riences, il a accept\u00e9 un poste de conseiller \u00e0 la R\u00e9gie des Assurances agricoles au bureau de Charlemagne, poste qu\u2019il a occup\u00e9 pendant onze ans.<br \/>\nEn 1985, afin de relever un d\u00e9fi professionnel, Claude d\u00e9marre sa propre entreprise (Agri Montcalm inc.) Depuis ce temps, il travaille \u00e0 la promotion et \u00e0 la distribution des produits et des services Pioneer dans la r\u00e9gion de Lanaudi\u00e8re.<\/p>\n<p><strong>Le troisi\u00e8me de la famille Gaston T.P., dipl\u00f4m\u00e9 en horticulture l\u00e9gumi\u00e8re et fruiti\u00e8re, promotion 1979<\/strong><\/p>\n<p>Gaston d\u00e9bute de 1979 \u00e0 1982 \u00e0 titre de repr\u00e9sentant technique \u00e0 la Soci\u00e9t\u00e9 Coop\u00e9rative Agricole de Saint-Damase. Par la suite, il est nomm\u00e9 directeur g\u00e9n\u00e9ral de cette m\u00eame entreprise et occupe ce poste de 1982 \u00e0 1991.<br \/>\n\u00c0 la recherche de nouveaux d\u00e9fis, il se joint \u00e0 l\u2019\u00e9quipe de Groupe Dynaco, coop\u00e9rative agroalimentaire de La Pocati\u00e8re, comme directeur g\u00e9n\u00e9ral. Il y poursuivra sa carri\u00e8re de 1991 \u00e0 1998.\u00a0\u00c0 l\u2019\u00e9t\u00e9 1998, il remplit un court mandat comme consultant priv\u00e9 pour BMR le Groupe \u00e0 Amqui.\u00a0Il s\u2019installe ensuite \u00e0 Saint-Anselme o\u00f9 il occupe, de 1998 \u00e0 2000, le poste de vice-pr\u00e9sident approvisionnement et logistique et ensuite de vice-pr\u00e9sident d\u00e9veloppement coop\u00e9ratif pour l\u2019ensemble des trois usines d\u2019Exceldor Coop\u00e9rative Avicole.\u00a0Un retour dans la r\u00e9gion de Saint-Hyacinthe, entre les ann\u00e9es 2000 \u00e0 2002, il est directeur de l\u2019approvisionnement \u00e0 la ferme pour Comax, coop\u00e9rative agricole. Il est directeur de la division d\u00e9tail (machinerie agricole, quincaillerie et produits p\u00e9troliers) entre 2002 \u00e0 2006.<br \/>\nDepuis 2006, il est directeur g\u00e9n\u00e9ral pour Vico le Groupe inc., une entreprise sp\u00e9cialis\u00e9e en aviculture situ\u00e9e \u00e0 L\u2019Islet sur la C\u00f4te-du-Sud.\u00a0Gaston a re\u00e7u les honneurs du M\u00e9rite Technologique agroalimentaire en 1997.<br \/>\nGaston est mari\u00e9 \u00e0 Brigitte Beauregard, une technologue gradu\u00e9e en g\u00e9nie industriel alimentaire \u00e0 l\u2019ITA, en 1980. Elle travaille chez Parmalat Canada \u00e0 Marieville au poste de technicienne de laboratoire en contr\u00f4le de qualit\u00e9.<\/p>\n<p><strong>Le quatri\u00e8me de la famille Sylvain T.P. gradu\u00e9 en zootechnologie promotion 1984<\/strong><\/p>\n<figure id=\"attachment_396\" aria-describedby=\"caption-attachment-396\" style=\"width: 450px\" class=\"wp-caption alignleft\"><img loading=\"lazy\" decoding=\"async\" class=\"size-full wp-image-396\" src=\"https:\/\/www.anciensita.ca\/saint-hyacinthe\/wp-content\/uploads\/2014\/08\/famille_dore02.jpg\" alt=\"Sur la photo les cinq technologues de la famille Dor\u00e9: Ga\u00e9tan, Claude, Brigitte et Gaston, Sylvain, Guy et Lorraine\" width=\"450\" height=\"299\" srcset=\"https:\/\/www.anciensita.ca\/saint-hyacinthe\/wp-content\/uploads\/2014\/08\/famille_dore02.jpg 450w, https:\/\/www.anciensita.ca\/saint-hyacinthe\/wp-content\/uploads\/2014\/08\/famille_dore02-300x199.jpg 300w\" sizes=\"auto, (max-width: 450px) 100vw, 450px\" \/><figcaption id=\"caption-attachment-396\" class=\"wp-caption-text\">Sur la photo les cinq technologues de la famille Dor\u00e9: Ga\u00e9tan, Claude,<br \/>Brigitte et Gaston, Sylvain, Guy et Lorraine<\/figcaption><\/figure>\n<p>\u00c0 la sortie de l\u2019I.T.A., Sylvain est embauch\u00e9 comme repr\u00e9sentant en productions animales et v\u00e9g\u00e9tales \u00e0 la Soci\u00e9t\u00e9 Coop\u00e9rative Agricole R\u00e9gionale de St-Casimir, comt\u00e9 de Portneuf o\u00f9 il \u0153uvrera de 1984 \u00e0 1988.<br \/>\nPar la suite, il occupa les m\u00eames fonctions au Centre Agricole Coop de Lanaudi\u00e8re en 1988 et 1989.<br \/>\nDe 1989 \u00e0 1996, il occupa le poste de repr\u00e9sentant en \u00e9quipements de distribution d\u2019aliments Distronic fabriqu\u00e9 par Dion Machineries, puis par la suite sera directeur du service de l\u2019\u00e9quipement de traite pour La Coop\u00e9rative F\u00e9d\u00e9r\u00e9e de Qu\u00e9bec.<br \/>\nFier de relever de nouveaux d\u00e9fis, il devint directeur g\u00e9n\u00e9ral du Centre Agricole Coop du Haut-St-Laurent et la Coop\u00e9rative Agroalimentaire des Vall\u00e9es Outaouais-Laurentides Agrodor. Il occupa ce poste de 1996 \u00e0 2001.<br \/>\nEnsuite, il s\u2019associe \u00e0 son fr\u00e8re Claude pour une ann\u00e9e dans la distribution de semences.<br \/>\nDepuis 2002, il est pr\u00e9sident de son entreprise, Agri Services SD Inc., dont la sp\u00e9cialit\u00e9 est la distribution de semences de grandes cultures et cultures fourrag\u00e8res. Il distribue, entre autre, les semences de marque Pioneer.<br \/>\nSon \u00e9pouse Audrey Trottier, agronome et conseill\u00e8re en production laiti\u00e8re chez Valacta, s\u2019est jointe \u00e0 l\u2019entreprise familiale depuis l\u2019automne 2010.<\/p>\n<p><strong>La cinqui\u00e8me de la famille sur 8 enfants : Lorraine gradu\u00e9e en g\u00e9nie industriel alimentaire, promotion 1985<\/strong><\/p>\n<figure id=\"attachment_397\" aria-describedby=\"caption-attachment-397\" style=\"width: 450px\" class=\"wp-caption alignleft\"><img loading=\"lazy\" decoding=\"async\" class=\"size-full wp-image-397\" src=\"https:\/\/www.anciensita.ca\/saint-hyacinthe\/wp-content\/uploads\/2014\/08\/famille_dore03.jpg\" alt=\"Gaston Dor\u00e9, Brigitte Beauregard, Claude Dor\u00e9, Ga\u00e9tan Dor\u00e9, Sylvain Dor\u00e9, Lorraine Dor\u00e9, Guy Boyer\" width=\"450\" height=\"310\" srcset=\"https:\/\/www.anciensita.ca\/saint-hyacinthe\/wp-content\/uploads\/2014\/08\/famille_dore03.jpg 450w, https:\/\/www.anciensita.ca\/saint-hyacinthe\/wp-content\/uploads\/2014\/08\/famille_dore03-300x206.jpg 300w\" sizes=\"auto, (max-width: 450px) 100vw, 450px\" \/><figcaption id=\"caption-attachment-397\" class=\"wp-caption-text\">Photo prise lors de Grandes Retrouvailles<br \/>des dipl\u00f4m\u00e9s de l\u2019ITA \u00e0 l\u2019Auberge des Seigneurs en 1987.<br \/>Gaston Dor\u00e9, Brigitte Beauregard, Claude Dor\u00e9, Ga\u00e9tan Dor\u00e9, Sylvain Dor\u00e9, Lorraine Dor\u00e9, Guy Boyer<\/figcaption><\/figure>\n<p>\u00c0 sa sortie de l\u2019ITA, Lorraine est embauch\u00e9e chez Saputo de St-Hyacinthe o\u00f9 elle travaille de mai \u00e0 novembre 1985 comme technicienne de laboratoire.<\/p>\n<p>Entre 1985 \u00e0 1989, elle oriente sa carri\u00e8re vers un nouveau domaine, celui du chocolat, \u00e0 la Confiserie Com\u00e8te o\u00f9 elle \u0153uvre au contr\u00f4le de la production et aussi \u00e0 titre de contrema\u00eetre. C\u2019est une exp\u00e9rience qu\u2019elle consid\u00e8re comme marquante dans sa carri\u00e8re.<br \/>\nElle retourne ensuite vers un poste de laboratoire, ce qui lui offre un horaire permettant de profiter du temps avec ses quatre enfants. Elle \u0153uvre chez les fromages Parmalat de Marieville comme technicienne de laboratoire. Elle y travaille, depuis 21 ans, en contr\u00f4le de la qualit\u00e9 et sur diff\u00e9rents projets.<\/p>\n<p>Lorraine est mari\u00e9e \u00e0 Guy Boyer, T.P. gradu\u00e9 en Zootechnologie de la promotion 1983. Il occupe les fonctions directeur r\u00e9gional et des ventes pour Valacta dans le contr\u00f4le laitier. Il est \u00e0 noter que la famille \u00e0 Guy est aussi compos\u00e9e de cinq membres qui ont \u00e9t\u00e9 form\u00e9s \u00e0 l\u2019ITA, campus de Saint-Hyacinthe.<\/p>\n<p>En plus des 5 membres de la famille Dor\u00e9, 2 conjoints ont aussi \u00e9tudi\u00e9 \u00e0 l\u2019ITA soit Brigitte Beauregard l\u2019\u00e9pouse de Gaston et Guy Boyer l\u2019\u00e9poux de Lorraine.<\/p>\n<p><strong>La famille Dor\u00e9 : des Technologues ayant\u00a0<\/strong><strong>contribu\u00e9 au d\u00e9veloppement de l\u2019agroalimentaire au Qu\u00e9bec!<\/strong><\/p>\n","protected":false},"excerpt":{"rendered":"<p>Il nous fait plaisir de vous pr\u00e9senter les membres de la famille Dor\u00e9 form\u00e9s \u00e0 l\u2019ITA campus de Saint-Hyacinthe. Originaires de Ferme-Neuve dans les Hautes-Laurentides, \u00e9lev\u00e9s sur la ferme paternelle, les 8 enfants ont travaill\u00e9 sur la terre familiale. Cinq d\u2019entre eux ont \u00e9t\u00e9 int\u00e9ress\u00e9s \u00e0 parfaire leurs connaissances en l\u2019agroalimentaire et sont dipl\u00f4m\u00e9s de&hellip;&nbsp;<a href=\"https:\/\/www.anciensita.ca\/saint-hyacinthe\/dhier-a-aujourdhui-2\/lita-une-affaire-de-famille\/la-famille-dore\/\" rel=\"bookmark\">Lire la suite &raquo;<span class=\"screen-reader-text\">La famille Dor\u00e9<\/span><\/a><\/p>\n","protected":false},"author":2,"featured_media":0,"parent":957,"menu_order":0,"comment_status":"closed","ping_status":"open","template":"","meta":{"neve_meta_sidebar":"","neve_meta_container":"","neve_meta_enable_content_width":"","neve_meta_content_width":0,"neve_meta_title_alignment":"","neve_meta_author_avatar":"","neve_post_elements_order":"","neve_meta_disable_header":"","neve_meta_disable_footer":"","neve_meta_disable_title":"","_themeisle_gutenberg_block_has_review":false,"footnotes":""},"class_list":["post-971","page","type-page","status-publish","hentry"],"_links":{"self":[{"href":"https:\/\/www.anciensita.ca\/saint-hyacinthe\/wp-json\/wp\/v2\/pages\/971","targetHints":{"allow":["GET"]}}],"collection":[{"href":"https:\/\/www.anciensita.ca\/saint-hyacinthe\/wp-json\/wp\/v2\/pages"}],"about":[{"href":"https:\/\/www.anciensita.ca\/saint-hyacinthe\/wp-json\/wp\/v2\/types\/page"}],"author":[{"embeddable":true,"href":"https:\/\/www.anciensita.ca\/saint-hyacinthe\/wp-json\/wp\/v2\/users\/2"}],"replies":[{"embeddable":true,"href":"https:\/\/www.anciensita.ca\/saint-hyacinthe\/wp-json\/wp\/v2\/comments?post=971"}],"version-history":[{"count":2,"href":"https:\/\/www.anciensita.ca\/saint-hyacinthe\/wp-json\/wp\/v2\/pages\/971\/revisions"}],"predecessor-version":[{"id":6568,"href":"https:\/\/www.anciensita.ca\/saint-hyacinthe\/wp-json\/wp\/v2\/pages\/971\/revisions\/6568"}],"up":[{"embeddable":true,"href":"https:\/\/www.anciensita.ca\/saint-hyacinthe\/wp-json\/wp\/v2\/pages\/957"}],"wp:attachment":[{"href":"https:\/\/www.anciensita.ca\/saint-hyacinthe\/wp-json\/wp\/v2\/media?parent=971"}],"curies":[{"name":"wp","href":"https:\/\/api.w.org\/{rel}","templated":true}]}}