{"id":972,"date":"2014-08-12T13:14:28","date_gmt":"2014-08-12T13:14:28","guid":{"rendered":"http:\/\/test1.mariechristineboivin.ca\/?page_id=188"},"modified":"2023-01-24T12:04:22","modified_gmt":"2023-01-24T17:04:22","slug":"la-famille-rodier","status":"publish","type":"page","link":"https:\/\/www.anciensita.ca\/saint-hyacinthe\/dhier-a-aujourdhui-2\/lita-une-affaire-de-famille\/la-famille-rodier\/","title":{"rendered":"La famille Rodier"},"content":{"rendered":"<p>Portrait de la famille Rodier \u00a0Des entrepreneurs du domaine horticole depuis 3 g\u00e9n\u00e9rations.<\/p>\n<figure id=\"attachment_411\" aria-describedby=\"caption-attachment-411\" style=\"width: 313px\" class=\"wp-caption alignleft\"><img loading=\"lazy\" decoding=\"async\" class=\"size-full wp-image-411\" src=\"https:\/\/www.anciensita.ca\/saint-hyacinthe\/wp-content\/uploads\/2014\/08\/Sans-titre-11.jpg\" alt=\"La famille Rodier\" width=\"313\" height=\"187\" srcset=\"https:\/\/www.anciensita.ca\/saint-hyacinthe\/wp-content\/uploads\/2014\/08\/Sans-titre-11.jpg 313w, https:\/\/www.anciensita.ca\/saint-hyacinthe\/wp-content\/uploads\/2014\/08\/Sans-titre-11-300x179.jpg 300w\" sizes=\"auto, (max-width: 313px) 100vw, 313px\" \/><figcaption id=\"caption-attachment-411\" class=\"wp-caption-text\">La famille Rodier partage la m\u00eame passion. (Source Paysages Rodier)<\/figcaption><\/figure>\n<p>Les fleurs, les potagers et les jardins ont \u00e9t\u00e9 omnipr\u00e9sents dans l\u2019environnement familial qui a vu na\u00eetre les deux \u00e9poux Rodier. Jean-Pierre et Mireille, tous les deux natifs de la r\u00e9gion maskoutaine, ne soup\u00e7onnaient pas que l\u2019amour de leurs parents pour la nature, l\u2019agriculture et l\u2019horticulture allait les conduire vers un chemin commun.<br \/>\nMireille admire les grands potagers et jardins de fleurs que sa m\u00e8re \u00e9labore et entretient chaque \u00e9t\u00e9. Elle s\u2019impr\u00e8gne de la beaut\u00e9 et de l\u2019embellissement que cela procure et du plaisir que cela suscite chez les visiteurs occasionnels de la ferme familiale. Elle est amoureuse des plantes.<br \/>\nJean-Pierre vit dans un milieu o\u00f9 les plantes sont le gagne- pain familial. Henri-Claude, son p\u00e8re, est producteur s\u00e9ricole et H\u00e9l\u00e8ne, sa m\u00e8re est fleuriste. Les fleurs, les pot\u00e9es fleuries et les annuelles produites par la famille sont la fiert\u00e9 de celle-ci et la joie de sa client\u00e8le. Peut-il envisager sa vie sans cet amour pour les plantes? Bien s\u00fbr que non!<br \/>\nLes astres \u00e9taient donc bien align\u00e9s pour que Mireille et Jean-Pierre s\u2019unissent : amour des plantes et de la beaut\u00e9, fiert\u00e9 du travail bien fait et plaisir \u00e0 partager leur passion commune avec les autres.<\/p>\n<p>Apr\u00e8s leurs \u00e9tudes en 1980, les \u00e9poux s\u2019installent \u00e0 St-Thomas d\u2019Aquin, aujourd\u2019hui St-Hyacinthe, et trois petits maskoutains voient le jour : l\u2019a\u00een\u00e9 David, suivi de Dominic et la cadette Genevi\u00e8ve. Durant les premi\u00e8res ann\u00e9es qui ont suivi la fondation et la mise sur pied de leur entreprise d\u00e9nomm\u00e9e Paysages Rodier, les deux gestionnaires assument la plupart des t\u00e2ches sans n\u00e9gliger la famille qui s\u2019agrandit. Les enfants, comme leurs parents et grands-parents avant eux, sont initi\u00e9s aux rudiments de la profession. Avec le temps, les r\u00f4les se sont pr\u00e9cis\u00e9s et les parents visionnaires ont progressivement impliqu\u00e9 leurs enfants dans l\u2019entreprise.<\/p>\n<p><strong>Une passion parentale devenue un projet familial <\/strong><\/p>\n<p>Les parents ne souhaitent-ils pas que leurs enfants suivent leurs traces? Pour les parents Rodier, le souhait se r\u00e9alise.<br \/>\nUn peu plus de 20 ans apr\u00e8s avoir obtenu leurs dipl\u00f4mes de l\u2019ITA Campus de St-Hyacinthe, Mireille et de Jean-Pierre encouragent leurs enfants \u00e0 s\u2019inscrire au programme PCHO (Paysage et Commercialisation en Horticulture Ornementale) .Les parents sont convaincus que cette formation est un tremplin vers la r\u00e9ussite de leur projet familial et de leur entreprise.<\/p>\n<figure id=\"attachment_412\" aria-describedby=\"caption-attachment-412\" style=\"width: 275px\" class=\"wp-caption alignleft\"><img loading=\"lazy\" decoding=\"async\" class=\"size-full wp-image-412\" src=\"https:\/\/www.anciensita.ca\/saint-hyacinthe\/wp-content\/uploads\/2014\/08\/Sans-titre-21.jpg\" alt=\"La famille Rodier\" width=\"275\" height=\"202\" \/><figcaption id=\"caption-attachment-412\" class=\"wp-caption-text\">Genevi\u00e8ve Rodier r\u00e9cipiendaire du prix de la Technopole agroalimentaire St-Hyacinthe 2005, inaugure l\u2019\u00c9co-jardin 180o au Jardin Daniel A. S\u00e9guin. (Source : ITA St- Hyacinthe.)<\/figcaption><\/figure>\n<p>Les enfants Rodier int\u00e9ress\u00e9s et motiv\u00e9s s\u2019enrichissent du savoir de ce programme acad\u00e9mique alors qu\u2019ils poss\u00e8dent d\u00e9j\u00e0 un peu de connaissances dans leur domaine au niveau du savoir-faire et du savoir-\u00eatre. Habitu\u00e9s \u00e0 participer et \u00e0 travailler en \u00e9quipe, ils s\u2019investissent dans leurs \u00e9tudes et dans les divers projets et stages exig\u00e9s au cours de leur formation pratique.<\/p>\n<p>M\u00eame si leurs parents r\u00e9cipiendaires de plus de quarante prix et mentions honorifiques dont les prestigieux honneurs de l\u2019Association des paysagistes professionnels du Qu\u00e9bec, la rel\u00e8ve Rodier ne prend rien pour acquis. En 2005, \u00e0 la fin de ses \u00e9tudes, Genevi\u00e8ve se distingue en obtenant le prix Excellence de la Technopole Agroalimentaire. Il s\u2019agit de la plus prestigieuse r\u00e9compense remise chaque ann\u00e9e au Gala des M\u00e9ritas du Campus de St-Hyacinthe.<br \/>\nLes enfants Rodier devenus actionnaires de l\u2019entreprise sont au coeur de l\u2019action et de l\u2019\u00e9volution des technologies horticoles. Le go\u00fbt de l\u2019innovation pousse les cinq actionnaires \u00e0 continuer leur formation. Les parents fondateurs, \u00e0 travers leur quotidien en pleine effervescence, s\u2019inscrivent en formation continue en horticulture, en construction, en administration et en gestion des affaires.<\/p>\n<figure id=\"attachment_413\" aria-describedby=\"caption-attachment-413\" style=\"width: 380px\" class=\"wp-caption alignright\"><img loading=\"lazy\" decoding=\"async\" class=\"size-full wp-image-413\" src=\"https:\/\/www.anciensita.ca\/saint-hyacinthe\/wp-content\/uploads\/2014\/08\/Sans-titre-31.jpg\" alt=\"David Rodier en stage en Australie. (Source :Paysages Rodier.)\" width=\"380\" height=\"305\" srcset=\"https:\/\/www.anciensita.ca\/saint-hyacinthe\/wp-content\/uploads\/2014\/08\/Sans-titre-31.jpg 380w, https:\/\/www.anciensita.ca\/saint-hyacinthe\/wp-content\/uploads\/2014\/08\/Sans-titre-31-300x240.jpg 300w\" sizes=\"auto, (max-width: 380px) 100vw, 380px\" \/><figcaption id=\"caption-attachment-413\" class=\"wp-caption-text\">David Rodier en stage en Australie. (Source :Paysages Rodier.)<\/figcaption><\/figure>\n<p>David, l\u2019a\u00een\u00e9 poursuit ses \u00e9tudes en Architecture du paysage \u00e0 l\u2019Universit\u00e9 de Montr\u00e9al. Il effectue une session de stage de six mois \u00e0 l\u2019Universit\u00e9 d\u2019Ad\u00e9la\u00efde en Australie. Dominic parfait ses \u00e9tudes en administration au HEC de Montr\u00e9al et en Entrepreneurship en Beauce. Genevi\u00e8ve poursuit en agronomie et en administration \u00e0 l\u2019Universit\u00e9 Laval.<br \/>\nLa maturit\u00e9 de l\u2019entreprise familiale, l\u2019exp\u00e9rience, les comp\u00e9tences et les savoirs diversifi\u00e9s de ses membres ouvrent les horizons de Paysages Rodier et du nouveau- n\u00e9 Gestion Rodier.<br \/>\nUn projet familial devenu entreprises et mode de vie<br \/>\nUn proverbe dit : \u00ab on ne peut donner que deux choses \u00e0 ses enfants, des racines et des ailes. \u00bb Certes, ce conseil d\u2019exp\u00e9rience et de sagesse a \u00e9t\u00e9 entendu par les parents Rodier.<\/p>\n<figure id=\"attachment_414\" aria-describedby=\"caption-attachment-414\" style=\"width: 234px\" class=\"wp-caption alignleft\"><img loading=\"lazy\" decoding=\"async\" class=\"wp-image-414 size-full\" src=\"https:\/\/www.anciensita.ca\/saint-hyacinthe\/wp-content\/uploads\/2014\/08\/Sans-titre-41.jpg\" alt=\"La famille Rodier\" width=\"234\" height=\"200\" \/><figcaption id=\"caption-attachment-414\" class=\"wp-caption-text\">Mireille Dion-Rodier et Jean-Pierre Rodier, r\u00e9cipiendaires du Grand Prix de la Gestion des Ressources Humaines au Gala des Affaires 2005. (Source : Paysages Rodier.)<\/figcaption><\/figure>\n<p>Les enfants sont devenus partenaires et les valeurs familiales demeurent le fondement de leurs actions et de leurs projets; respect de soi et des autres, confiance en soi et aux autres et \u00e9coute de soi et des autres. C\u2019est d\u2019ailleurs ces valeurs qui m\u00e9ritent \u00e0 Paysages Rodier le Grand Prix de la Gestion des Ressources Humaines remis \u00e0 l\u2019entreprise s\u2019\u00e9tant la plus distingu\u00e9e dans sa vision de la gestion de ses ressources humaines. Au cours des trente derni\u00e8res ann\u00e9es, pr\u00e8s de\u00a0cinquante employ\u00e9s ont investi les rangs de la brigade Rodier qui s\u2019est enrichie de leurs comp\u00e9tences, de leur savoir-faire et de leur engagement. Cette \u00e9quipe rappelle que l\u2019excellence est autant le r\u00e9sultat de l\u2019effort de tous, du talent de chacun, du d\u00e9passement et de la passion. La gestion est ouverte, on canalise les bonnes id\u00e9es et on d\u00e9l\u00e8gue les pouvoirs.<\/p>\n<figure id=\"attachment_415\" aria-describedby=\"caption-attachment-415\" style=\"width: 184px\" class=\"wp-caption alignright\"><img loading=\"lazy\" decoding=\"async\" class=\"size-full wp-image-415\" src=\"https:\/\/www.anciensita.ca\/saint-hyacinthe\/wp-content\/uploads\/2014\/08\/Sans-titre-51.jpg\" alt=\"Paysage Rodier\" width=\"184\" height=\"50\" \/><figcaption id=\"caption-attachment-415\" class=\"wp-caption-text\">Paysage Rodier<\/figcaption><\/figure>\n<p>Les services de Paysages Rodier se sont \u00e9galement \u00e9tendus et compl\u00e8tent l\u2019axe de d\u00e9part; l\u2019architecture du paysage, la conception des am\u00e9nagements et la r\u00e9alisation de ceux-ci sont le centre autour duquel gravitent des expertises compl\u00e9mentaires mises de l\u2019avant par les enfants partenaires :<\/p>\n<figure id=\"attachment_424\" aria-describedby=\"caption-attachment-424\" style=\"width: 229px\" class=\"wp-caption alignleft\"><img loading=\"lazy\" decoding=\"async\" class=\"wp-image-424 size-full\" src=\"https:\/\/www.anciensita.ca\/saint-hyacinthe\/wp-content\/uploads\/2014\/08\/Sans-titre1.jpg\" alt=\"Gestion Rodier\" width=\"229\" height=\"85\" \/><figcaption id=\"caption-attachment-424\" class=\"wp-caption-text\">Gestion Rodier<\/figcaption><\/figure>\n<p>Dominic et Genevi\u00e8ve, assurent l\u2019envol de Gestion Rodier qui offre les services de constructions r\u00e9sidentielle et commerciale, fait du d\u00e9veloppement immobilier et offre la gestion de projets cl\u00e9 en main.<\/p>\n<figure id=\"attachment_416\" aria-describedby=\"caption-attachment-416\" style=\"width: 166px\" class=\"wp-caption alignright\"><img loading=\"lazy\" decoding=\"async\" class=\"size-full wp-image-416\" src=\"https:\/\/www.anciensita.ca\/saint-hyacinthe\/wp-content\/uploads\/2014\/08\/Sans-titre-61.jpg\" alt=\"Garagebox.ca\" width=\"166\" height=\"166\" srcset=\"https:\/\/www.anciensita.ca\/saint-hyacinthe\/wp-content\/uploads\/2014\/08\/Sans-titre-61.jpg 166w, https:\/\/www.anciensita.ca\/saint-hyacinthe\/wp-content\/uploads\/2014\/08\/Sans-titre-61-100x100.jpg 100w, https:\/\/www.anciensita.ca\/saint-hyacinthe\/wp-content\/uploads\/2014\/08\/Sans-titre-61-150x150.jpg 150w\" sizes=\"auto, (max-width: 166px) 100vw, 166px\" \/><figcaption id=\"caption-attachment-416\" class=\"wp-caption-text\">Garagebox.ca<\/figcaption><\/figure>\n<p>David lance Garage Box, un site web de vente et de projets d\u2019am\u00e9nagement int\u00e9rieur de garages r\u00e9sidentiel et commercial.<br \/>\nLes pr\u00e9occupations environnementales et l\u2019engagement social dans le contexte du d\u00e9veloppement durable se sont naturellement introduits au sein du clan Rodier.<\/p>\n<figure id=\"attachment_417\" aria-describedby=\"caption-attachment-417\" style=\"width: 396px\" class=\"wp-caption alignleft\"><img loading=\"lazy\" decoding=\"async\" class=\"wp-image-417 size-full\" src=\"https:\/\/www.anciensita.ca\/saint-hyacinthe\/wp-content\/uploads\/2014\/08\/Sans-titre-71.jpg\" alt=\"La famille Rodier\" width=\"396\" height=\"329\" srcset=\"https:\/\/www.anciensita.ca\/saint-hyacinthe\/wp-content\/uploads\/2014\/08\/Sans-titre-71.jpg 396w, https:\/\/www.anciensita.ca\/saint-hyacinthe\/wp-content\/uploads\/2014\/08\/Sans-titre-71-300x249.jpg 300w\" sizes=\"auto, (max-width: 396px) 100vw, 396px\" \/><figcaption id=\"caption-attachment-417\" class=\"wp-caption-text\">Dominic et Genevi\u00e8ve Rodier, Projet immobilier du Club de Golf La Providence. ( Source : Le Courrier de St-Hyacinthe.)<\/figcaption><\/figure>\n<p>D\u00e9j\u00e0 reconnus pour leur contribution exceptionnelle \u00e0 l\u2019\u00e9volution de l\u2019industrie de l\u2019Horticulture Ornementale du Qu\u00e9bec en recevant entre autres, l\u2019Ordre du M\u00e9rite Agricole, Commandeur du tr\u00e8s Grand M\u00e9rite Sp\u00e9cial, Jean-Pierre et Mireille sont sensibles aux enjeux qui se dessinent. Les trois piliers du d\u00e9veloppement durable, c\u2019est-\u00e0-dire le progr\u00e8s \u00e9conomique, la justice sociale et la pr\u00e9servation de l\u2019environnement sont parties int\u00e9grantes du processus d\u00e9cisionnel de l\u2019entreprise et les projets sont r\u00e9alis\u00e9s en tentant une conciliation de tous ces \u00e9l\u00e9ments. Concr\u00e8tement la famille Rodier s\u2019est donn\u00e9e comme mission de valoriser l\u2019environnement et de rehausser l\u2019esth\u00e9tique et la fonctionnalit\u00e9 des milieux habitables.<\/p>\n<p>Sur le plan social et professionnel, la contribution du clan Rodier n\u2019est pas n\u00e9gligeable. Jean-Pierre a, entre autres, pr\u00e9sid\u00e9 divers comit\u00e9s. Par exemple, \u00e0 titre de pr\u00e9sident du comit\u00e9 de Sant\u00e9 S\u00e9curit\u00e9 de l\u2019industrie Horticole Ornementale du Qu\u00e9bec, il a contribu\u00e9 \u00e0 l\u2019\u00e9laboration du plan de sant\u00e9 et de s\u00e9curit\u00e9 qui demeure la r\u00e9f\u00e9rence pour l\u2019industrie horticole ornementale. Durant son mandat \u00e0 la pr\u00e9sidence de la F\u00e9d\u00e9ration Interdisciplinaire de l\u2019Horticulture Ornementale du Qu\u00e9bec (FIHOQ), il a d\u00e9fendu avec coeur la pertinence de la cr\u00e9ation du Jardin Daniel A. S\u00e9guin aupr\u00e8s du Ministre de l\u2019Agriculture de l\u2019\u00e9poque. La premi\u00e8re pellet\u00e9e de terre qui marqua le d\u00e9but du chantier en face de l\u2019ITA de St-Hyacinthe en 1989 fut la concr\u00e9tisation de sa d\u00e9marche.<\/p>\n<figure id=\"attachment_418\" aria-describedby=\"caption-attachment-418\" style=\"width: 480px\" class=\"wp-caption alignright\"><img loading=\"lazy\" decoding=\"async\" class=\"wp-image-418 size-full\" src=\"https:\/\/www.anciensita.ca\/saint-hyacinthe\/wp-content\/uploads\/2014\/08\/Sans-titre-81.jpg\" alt=\"Le premier coup de pelle au Jardin D.A. S\u00e9guin par monsieur Daniel. A S\u00e9guin et- Jean-Pierre Rodier. (Source ITA St-Hyacinthe.)\" width=\"480\" height=\"340\" srcset=\"https:\/\/www.anciensita.ca\/saint-hyacinthe\/wp-content\/uploads\/2014\/08\/Sans-titre-81.jpg 480w, https:\/\/www.anciensita.ca\/saint-hyacinthe\/wp-content\/uploads\/2014\/08\/Sans-titre-81-300x212.jpg 300w\" sizes=\"auto, (max-width: 480px) 100vw, 480px\" \/><figcaption id=\"caption-attachment-418\" class=\"wp-caption-text\">Le premier coup de pelle au Jardin D.A. S\u00e9guin par monsieur Daniel. A S\u00e9guin et- Jean-Pierre Rodier. (Source ITA St-Hyacinthe.)<\/figcaption><\/figure>\n<p>Le premier coup de pelle au Jardin D.A. S\u00e9guin par monsieur Daniel. A S\u00e9guin et- Jean-Pierre Rodier. (Source ITA St-Hyacinthe.)<br \/>\nDavid l\u2019a\u00een\u00e9, participe \u00e0 titre de repr\u00e9sentant des employeurs \u00e0 HortiComp\u00e9tences, un comit\u00e9 sectoriel de main-d\u2019oeuvre pour le secteur de l\u2019horticulture ornementale : commercialisation et service, qui a pour mission d\u2019accro\u00eetre l\u2019efficacit\u00e9, la rentabilit\u00e9 et la comp\u00e9titivit\u00e9 des entreprises de son secteur en misant sur une gestion performante des ressources humaines.<br \/>\nLa propension \u00e0 l\u2019engagement a conduit les Rodier \u00e0 s\u2019investir, sur le plan communautaire, dans le dossier des gaz de schiste, un dossier chaud dans la Mont\u00e9r\u00e9gie. Jean-Pierre s\u2019applique \u00e0 sensibiliser et \u00e0 convaincre plusieurs agriculteurs de la r\u00e9gion maskoutaine des impacts environnementaux et financiers des forages projet\u00e9s sur les terres agricoles.<br \/>\nCes actions sociales, communautaires et environnementales ne sont pas \u00e9trang\u00e8res aux valeurs familiales et au mode de vie qu\u2019ils adoptent.<br \/>\nQue font les Rodier pendant les vacances? Ils voyagent et visitent des lieux historiques et des jardins afin de s\u2019impr\u00e9gner de leur beaut\u00e9 et de leur histoire. Leur passion est toujours pr\u00e9sente pour les fleurs et les am\u00e9nagements horticoles; l\u2019oeil des architectes paysagers est toujours aux<br \/>\naguets. L\u2019horticulture et le plaisir que procure le d\u00e9veloppement des affaires et de leurs entreprises sont pour eux, un v\u00e9ritable mode de vie.<\/p>\n<p><strong>Un t\u00e9moignage en faveur de l\u2019ITA Campus de St-Hyacinthe <\/strong><\/p>\n<p>La famille Jean-Pierre Rodier et Mireille Dion-Rodier et leurs enfants David, Dominic et Genevi\u00e8ve reconnaissent que : \u2018\u2019 l\u2019ITA a \u00e9t\u00e9 un tremplin et une plaque tournante pour le d\u00e9veloppement de nos carri\u00e8res.\u2019\u2019 L\u2019ouverture vers de nouveaux horizons en horticulture ornementale ainsi que la sensibilisation aux diff\u00e9rentes facettes du domaine et du m\u00e9tier ainsi qu\u2019au potentiel de r\u00e9alisation personnelle exercent toujours leurs attraits chez cette famille unie et dynamique.<\/p>\n","protected":false},"excerpt":{"rendered":"<p>Portrait de la famille Rodier \u00a0Des entrepreneurs du domaine horticole depuis 3 g\u00e9n\u00e9rations. Les fleurs, les potagers et les jardins ont \u00e9t\u00e9 omnipr\u00e9sents dans l\u2019environnement familial qui a vu na\u00eetre les deux \u00e9poux Rodier. Jean-Pierre et Mireille, tous les deux natifs de la r\u00e9gion maskoutaine, ne soup\u00e7onnaient pas que l\u2019amour de leurs parents pour la&hellip;&nbsp;<a href=\"https:\/\/www.anciensita.ca\/saint-hyacinthe\/dhier-a-aujourdhui-2\/lita-une-affaire-de-famille\/la-famille-rodier\/\" rel=\"bookmark\">Lire la suite &raquo;<span class=\"screen-reader-text\">La famille Rodier<\/span><\/a><\/p>\n","protected":false},"author":2,"featured_media":0,"parent":957,"menu_order":0,"comment_status":"closed","ping_status":"open","template":"","meta":{"neve_meta_sidebar":"","neve_meta_container":"","neve_meta_enable_content_width":"","neve_meta_content_width":0,"neve_meta_title_alignment":"","neve_meta_author_avatar":"","neve_post_elements_order":"","neve_meta_disable_header":"","neve_meta_disable_footer":"","neve_meta_disable_title":"","_themeisle_gutenberg_block_has_review":false,"footnotes":""},"class_list":["post-972","page","type-page","status-publish","hentry"],"_links":{"self":[{"href":"https:\/\/www.anciensita.ca\/saint-hyacinthe\/wp-json\/wp\/v2\/pages\/972","targetHints":{"allow":["GET"]}}],"collection":[{"href":"https:\/\/www.anciensita.ca\/saint-hyacinthe\/wp-json\/wp\/v2\/pages"}],"about":[{"href":"https:\/\/www.anciensita.ca\/saint-hyacinthe\/wp-json\/wp\/v2\/types\/page"}],"author":[{"embeddable":true,"href":"https:\/\/www.anciensita.ca\/saint-hyacinthe\/wp-json\/wp\/v2\/users\/2"}],"replies":[{"embeddable":true,"href":"https:\/\/www.anciensita.ca\/saint-hyacinthe\/wp-json\/wp\/v2\/comments?post=972"}],"version-history":[{"count":1,"href":"https:\/\/www.anciensita.ca\/saint-hyacinthe\/wp-json\/wp\/v2\/pages\/972\/revisions"}],"predecessor-version":[{"id":6515,"href":"https:\/\/www.anciensita.ca\/saint-hyacinthe\/wp-json\/wp\/v2\/pages\/972\/revisions\/6515"}],"up":[{"embeddable":true,"href":"https:\/\/www.anciensita.ca\/saint-hyacinthe\/wp-json\/wp\/v2\/pages\/957"}],"wp:attachment":[{"href":"https:\/\/www.anciensita.ca\/saint-hyacinthe\/wp-json\/wp\/v2\/media?parent=972"}],"curies":[{"name":"wp","href":"https:\/\/api.w.org\/{rel}","templated":true}]}}