{"id":7823,"date":"2024-07-25T14:59:29","date_gmt":"2024-07-25T19:59:29","guid":{"rendered":"https:\/\/www.anciensita.ca\/saint-hyacinthe\/?post_type=product&#038;p=7823"},"modified":"2025-04-06T18:48:58","modified_gmt":"2025-04-06T23:48:58","slug":"evenement-retrouvailles","status":"publish","type":"product","link":"https:\/\/www.anciensita.ca\/saint-hyacinthe\/produit\/evenement-retrouvailles\/","title":{"rendered":"\u00c9v\u00e9nement Retrouvailles"},"content":{"rendered":"<p>Reconnectez-vous avec d&rsquo;anciennes et d&rsquo;anciens camarades, professeures et professeurs, et \u00e9changez sur vos exp\u00e9riences professionnelles. Notre d\u00eener m\u00e9choui est une occasion unique de renforcer votre r\u00e9seau ainsi que de partager vos r\u00e9alisations avec notre belle communaut\u00e9 du monde agricole et de l\u2019agroalimentaire de l\u2019ITAQ!<\/p>\n<p style=\"font-weight: 400;\"><strong>R\u00c9SERVEZ D\u00c8S MAINTENANT, PLACES LIMIT\u00c9ES!<\/strong><\/p>\n<p><strong>Date\u00a0:<\/strong> 8 septembre 2024 (beau temps, mauvais temps)<\/p>\n<p style=\"font-weight: 400;\"><strong>Heure\u00a0:<\/strong> 11h30 \u00e0 16h30. Programmation officielle \u00e0 venir.<\/p>\n<p style=\"font-weight: 400;\"><strong>Lieu\u00a0:<\/strong> Grand chapiteau du Jardin Daniel A. S\u00e9guin<br \/>\n3211 rue Sicotte<br \/>\nSaint-Hyacinthe, Qu\u00e9bec, J2S 2M2<\/p>\n<p><span style=\"font-weight: 400;\"><strong>Co\u00fbt de l\u2019activit\u00e9\u00a0:<\/strong> 50$<br \/>\nBillet comprenant l\u2019entr\u00e9e au Jardin Daniel A. S\u00e9guin ainsi qu\u2019un d\u00eener m\u00e9choui avec dessert et caf\u00e9.<\/span><\/p>\n<p>Vous recevrez par courriel une confirmation de votre achat qui sera n\u00e9cessaire pour l&rsquo;entr\u00e9e sur le site.<\/p>\n<p>Merci et \u00e0 bient\u00f4t!<\/p>\n","protected":false},"excerpt":{"rendered":"<p>Reconnectez-vous avec d&rsquo;anciennes et d&rsquo;anciens camarades, professeures et professeurs, et \u00e9changez sur vos exp\u00e9riences professionnelles. Notre d\u00eener m\u00e9choui est une occasion unique de renforcer votre r\u00e9seau ainsi que de partager vos r\u00e9alisations avec notre belle communaut\u00e9 du monde agricole et de l\u2019agroalimentaire de l\u2019ITAQ!<\/p>\n<p>Vous recevrez par courriel une confirmation de votre achat qui sera n\u00e9cessaire pour l&rsquo;entr\u00e9e sur le site.<\/p>\n<p>Merci et \u00e0 bient\u00f4t!<\/p>\n","protected":false},"featured_media":7824,"template":"","meta":{"neve_meta_sidebar":"","neve_meta_container":"","neve_meta_enable_content_width":"off","neve_meta_content_width":100,"neve_meta_title_alignment":"","neve_meta_author_avatar":"","neve_post_elements_order":"","neve_meta_disable_header":"","neve_meta_disable_footer":"","neve_meta_disable_title":"","_themeisle_gutenberg_block_has_review":false},"product_brand":[],"product_cat":[67],"product_tag":[],"class_list":{"0":"post-7823","1":"product","2":"type-product","3":"status-publish","4":"has-post-thumbnail","6":"product_cat-evenements","8":"first","9":"outofstock","10":"shipping-taxable","11":"purchasable","12":"product-type-simple"},"_links":{"self":[{"href":"https:\/\/www.anciensita.ca\/saint-hyacinthe\/wp-json\/wp\/v2\/product\/7823","targetHints":{"allow":["GET"]}}],"collection":[{"href":"https:\/\/www.anciensita.ca\/saint-hyacinthe\/wp-json\/wp\/v2\/product"}],"about":[{"href":"https:\/\/www.anciensita.ca\/saint-hyacinthe\/wp-json\/wp\/v2\/types\/product"}],"wp:featuredmedia":[{"embeddable":true,"href":"https:\/\/www.anciensita.ca\/saint-hyacinthe\/wp-json\/wp\/v2\/media\/7824"}],"wp:attachment":[{"href":"https:\/\/www.anciensita.ca\/saint-hyacinthe\/wp-json\/wp\/v2\/media?parent=7823"}],"wp:term":[{"taxonomy":"product_brand","embeddable":true,"href":"https:\/\/www.anciensita.ca\/saint-hyacinthe\/wp-json\/wp\/v2\/product_brand?post=7823"},{"taxonomy":"product_cat","embeddable":true,"href":"https:\/\/www.anciensita.ca\/saint-hyacinthe\/wp-json\/wp\/v2\/product_cat?post=7823"},{"taxonomy":"product_tag","embeddable":true,"href":"https:\/\/www.anciensita.ca\/saint-hyacinthe\/wp-json\/wp\/v2\/product_tag?post=7823"}],"curies":[{"name":"wp","href":"https:\/\/api.w.org\/{rel}","templated":true}]}}